{"id":49333,"date":"2025-05-12T15:12:30","date_gmt":"2025-05-12T13:12:30","guid":{"rendered":"https:\/\/www.muun-collection.com\/?page_id=49333"},"modified":"2025-05-12T15:12:30","modified_gmt":"2025-05-12T13:12:30","slug":"legales","status":"publish","type":"page","link":"https:\/\/www.muun-collection.com\/es\/legales\/","title":{"rendered":"Informaci\u00f3n legal"},"content":{"rendered":"<p>[et_pb_section fb_built=\u00bb1&#8243; _builder_version=\u00bb4.16&#8243; custom_margin_tablet=\u00bb\u00bb custom_margin_phone=\u00bb|30px||30px|false|true\u00bb custom_margin_last_edited=\u00bbon|phone\u00bb global_colors_info=\u00bb{}\u00bb][et_pb_row column_structure=\u00bb1_5,3_5,1_5&#8243; _builder_version=\u00bb4.16&#8243; background_size=\u00bbinitial\u00bb background_position=\u00bbtop_left\u00bb background_repeat=\u00bbrepeat\u00bb global_colors_info=\u00bb{}\u00bb][et_pb_column type=\u00bb1_5&#8243; _builder_version=\u00bb4.16&#8243; custom_padding=\u00bb|||\u00bb global_colors_info=\u00bb{}\u00bb custom_padding__hover=\u00bb|||\u00bb][\/et_pb_column][et_pb_column type=\u00bb3_5&#8243; _builder_version=\u00bb4.16&#8243; custom_padding=\u00bb|||\u00bb global_colors_info=\u00bb{}\u00bb custom_padding__hover=\u00bb|||\u00bb][et_pb_text _builder_version=\u00bb4.16&#8243; global_colors_info=\u00bb{}\u00bb]<\/p>\n<h1>Informaci\u00f3n legal<\/h1>\n<p>[\/et_pb_text][et_pb_text _builder_version=\u00bb4.24.3&#8243; hover_enabled=\u00bb0&#8243; global_colors_info=\u00bb{}\u00bb sticky_enabled=\u00bb0&#8243;]<\/p>\n<p><strong>El sitio web www.muun-collection.com es propiedad de MUU\u00d1, SAS<\/strong><br \/>Sede central: 4 bis Villeneuve 49700 Denez\u00e9-sous-Dou\u00e9, Francia.<br \/>R.C.S. 812 206 415, ANGERS.<\/p>\n<p><strong>El sitio web www.muun-collection.com est\u00e1 alojado por OVH<\/strong><br \/>Sede central: 2 rue Kellermann 59100 Roubaix, Francia<br \/>424 761 419 00045 &#8211; C\u00f3digo APE 6202A-N\u00b0 IVA: FR 22 424 761 419<\/p>\n<p><strong>Director de publicaci\u00f3n:<\/strong> Audrey David y MUUN SAS &#8211; <a href=\"mailto:info@muun.fr\">hello@muun.fr<\/a><\/p>\n<p><strong>Sitio web producido y dise\u00f1ado por:<\/strong> Pixel Addict &#8211; <a href=\"http:\/\/www.pixeladdict.fr\" target=\"_blank\" rel=\"noopener noreferrer\">http:\/\/www.pixeladdict.fr<\/a><\/p>\n<p><strong>Textos:<\/strong> En Venir Aux Mots &#8211; <a href=\"http:\/\/www.envenirauxmots.fr\" target=\"_blank\" rel=\"noopener noreferrer\">http:\/\/www.envenirauxmots.fr<\/a><\/p>\n<p><strong>Derechos de las fotograf\u00edas:<\/strong> @stephanerivierephotographe<\/p>\n<p>[\/et_pb_text][\/et_pb_column][et_pb_column type=\u00bb1_5&#8243; _builder_version=\u00bb4.16&#8243; custom_padding=\u00bb|||\u00bb global_colors_info=\u00bb{}\u00bb custom_padding__hover=\u00bb|||\u00bb][\/et_pb_column][\/et_pb_row][\/et_pb_section]<\/p>\n","protected":false},"excerpt":{"rendered":"<p>Informaci\u00f3n legal El sitio web www.muun-collection.com es propiedad de MUU\u00d1, SASSede central: 4 bis Villeneuve 49700 Denez\u00e9-sous-Dou\u00e9, Francia.R.C.S. 812 206 415, ANGERS. El sitio web www.muun-collection.com est\u00e1 alojado por OVHSede central: 2 rue Kellermann 59100 Roubaix, Francia424 761 419 00045 &#8211; C\u00f3digo APE 6202A-N\u00b0 IVA: FR 22 424 761 419 Director de publicaci\u00f3n: Audrey David [&hellip;]<\/p>\n","protected":false},"author":1,"featured_media":0,"parent":0,"menu_order":0,"comment_status":"closed","ping_status":"closed","template":"","meta":{"_et_pb_use_builder":"on","_et_pb_old_content":"","_et_gb_content_width":"","_monsterinsights_skip_tracking":false,"_monsterinsights_sitenote_active":false,"_monsterinsights_sitenote_note":"","_monsterinsights_sitenote_category":0,"footnotes":""},"class_list":["post-49333","page","type-page","status-publish","hentry"],"_links":{"self":[{"href":"https:\/\/www.muun-collection.com\/es\/wp-json\/wp\/v2\/pages\/49333","targetHints":{"allow":["GET"]}}],"collection":[{"href":"https:\/\/www.muun-collection.com\/es\/wp-json\/wp\/v2\/pages"}],"about":[{"href":"https:\/\/www.muun-collection.com\/es\/wp-json\/wp\/v2\/types\/page"}],"author":[{"embeddable":true,"href":"https:\/\/www.muun-collection.com\/es\/wp-json\/wp\/v2\/users\/1"}],"replies":[{"embeddable":true,"href":"https:\/\/www.muun-collection.com\/es\/wp-json\/wp\/v2\/comments?post=49333"}],"version-history":[{"count":0,"href":"https:\/\/www.muun-collection.com\/es\/wp-json\/wp\/v2\/pages\/49333\/revisions"}],"wp:attachment":[{"href":"https:\/\/www.muun-collection.com\/es\/wp-json\/wp\/v2\/media?parent=49333"}],"curies":[{"name":"wp","href":"https:\/\/api.w.org\/{rel}","templated":true}]}}