{"id":49340,"date":"2025-05-12T15:12:08","date_gmt":"2025-05-12T13:12:08","guid":{"rendered":"https:\/\/www.muun-collection.com\/?page_id=49340"},"modified":"2025-05-12T15:12:29","modified_gmt":"2025-05-12T13:12:29","slug":"stockists-in-asia","status":"publish","type":"page","link":"https:\/\/www.muun-collection.com\/es\/stockists-in-asia\/","title":{"rendered":"Distribuidores en Asia"},"content":{"rendered":"<p>[et_pb_section fb_built=\u00bb1&#8243; module_id=\u00bbFrancia\u00bb _builder_version=\u00bb4.16&#8243; custom_margin_tablet=\u00bb\u00bb custom_margin_phone=\u00bb|30px||30px|false|true\u00bb custom_margin_last_edited=\u00bbon|phone\u00bb global_colors_info=\u00bb{}\u00bb][et_pb_row module_class=\u00bbrow-point-de-vente\u00bb _builder_version=\u00bb4.21.0&#8243; custom_margin=\u00bb||||false|false\u00bb custom_margin_tablet=\u00bb|50px||50px|false|false\u00bb custom_margin_phone=\u00bb|0px||0px|false|false\u00bb custom_margin_last_edited=\u00bbon|phone\u00bb global_colors_info=\u00bb{}\u00bb][et_pb_column type=\u00bb4_4&#8243; _builder_version=\u00bb4.16&#8243; custom_padding=\u00bb|||\u00bb global_colors_info=\u00bb{}\u00bb custom_padding__hover=\u00bb|||\u00bb][et_pb_text _builder_version=\u00bb4.16&#8243; custom_margin_tablet=\u00bb\u00bb custom_margin_phone=\u00bb||||false|true\u00bb custom_margin_last_edited=\u00bbon|phone\u00bb global_colors_info=\u00bb{}\u00bb]<\/p>\n<h2>Distribuidores EN ASIA<\/h2>\n<p>[\/et_pb_text][\/et_pb_column][\/et_pb_row][et_pb_row column_structure=\u00bb1_4,1_4,1_4,1_4&#8243; module_class=\u00bbrow-point-de-vente\u00bb _builder_version=\u00bb4.21.0&#8243; custom_margin=\u00bb||||false|false\u00bb custom_margin_tablet=\u00bb|50px||50px|false|false\u00bb custom_margin_phone=\u00bb|0px||0px|false|false\u00bb custom_margin_last_edited=\u00bbon|desktop\u00bb custom_padding=\u00bb0px||||false|false\u00bb global_colors_info=\u00bb{}\u00bb][et_pb_column type=\u00bb1_4&#8243; _builder_version=\u00bb4.16&#8243; custom_padding=\u00bb|||\u00bb global_colors_info=\u00bb{}\u00bb custom_padding__hover=\u00bb|||\u00bb][et_pb_text admin_label=\u00bbCHINA\u00bb module_class=\u00bbpx-fixed-row\u00bb _builder_version=\u00bb4.21.0&#8243; hover_enabled=\u00bb0&#8243; global_colors_info=\u00bb{}\u00bb custom_margin=\u00bb||0px||false|false\u00bb sticky_enabled=\u00bb0&#8243;]<\/p>\n<h2 class=\"boutique-titre\" style=\"font-size: 18pt;\">CHINA<\/h2>\n<p>[\/et_pb_text][et_pb_text admin_label=\u00bbTexte\u00bb _builder_version=\u00bb4.18.0&#8243; global_colors_info=\u00bb{}\u00bb]<\/p>\n<div class=\"wpb_text_column wpb_content_element \">\n<div class=\"wpb_wrapper\">\n<p><strong>Hong Kong<br \/>\n<\/strong>Joyeuserie<\/p>\n<p><strong>Ningbo<\/strong><br \/>\n<\/strong>Moimoins<\/p>\n<p><strong>Shangh\u00e1i<br \/>\n<\/strong>Soi Meme<\/p>\n<\/div>\n<\/div>\n<p>[\/et_pb_text][\/et_pb_column][et_pb_column type=\u00bb1_4&#8243; _builder_version=\u00bb4.21.0&#8243; _module_preset=\u00bbdefault\u00bb global_colors_info=\u00bb{}\u00bb][et_pb_text admin_label=\u00bbJAPAN\u00bb module_class=\u00bbpx-fixed-row\u00bb _builder_version=\u00bb4.21.0&#8243; hover_enabled=\u00bb0&#8243; global_colors_info=\u00bb{}\u00bb custom_margin=\u00bb||0px||false|false\u00bb sticky_enabled=\u00bb0&#8243;]<\/p>\n<h2 class=\"boutique-titre\" style=\"font-size: 18pt;\">JAP\u00d3N<\/h2>\n<p>[\/et_pb_text][et_pb_text _builder_version=\u00bb4.18.0&#8243; global_colors_info=\u00bb{}\u00bb]<\/p>\n<div class=\"wpb_text_column wpb_content_element \">\n<div class=\"wpb_wrapper\">\n<p><strong>Hokkaido<\/strong><br \/>\nTora Co<\/p>\n<p><strong>Kobe<\/strong><br \/>\nBshop boy<\/p>\n<p><strong>Nagoya<\/strong><br \/>\nMaison de Lalan<\/p>\n<p><strong>Osaka<\/strong><br \/>\nBeardsley<\/p>\n<p><strong>Saitama<\/strong><br \/>\nOne Co<br \/>\nLazy Susan<\/p>\n<p><strong>Sapporo<\/strong><br \/>\nTora Co<\/p>\n<p><strong>Tokio<\/strong><br \/>\nSteven Alan<\/p>\n<\/div>\n<\/div>\n<p>&nbsp;[\/et_pb_text][\/et_pb_column][et_pb_column type=\u00bb1_4&#8243; _builder_version=\u00bb4.21.0&#8243; _module_preset=\u00bbdefault\u00bb global_colors_info=\u00bb{}\u00bb][et_pb_text admin_label=\u00bbMALDIVES\u00bb module_class=\u00bbpx-fixed-row\u00bb _builder_version=\u00bb4.21.0&#8243; hover_enabled=\u00bb0&#8243; global_colors_info=\u00bb{}\u00bb custom_margin=\u00bb||0px||false|false\u00bb sticky_enabled=\u00bb0&#8243;]<\/p>\n<h2 class=\"boutique-titre\" style=\"font-size: 18pt;\">MALDIVAS<\/h2>\n<p>[\/et_pb_text][et_pb_text module_class=\u00bbpx-fixed-row\u00bb _builder_version=\u00bb4.18.0&#8243; global_colors_info=\u00bb{}\u00bb]<\/p>\n<p><strong>Manadhoo<\/strong><br \/>\nSoneva Jani[\/et_pb_text][et_pb_text admin_label=\u00bbSOUTH KOREA\u00bb module_class=\u00bbpx-fixed-row\u00bb _builder_version=\u00bb4.21.0&#8243; hover_enabled=\u00bb0&#8243; global_colors_info=\u00bb{}\u00bb custom_margin=\u00bb||0px||false|false\u00bb sticky_enabled=\u00bb0&#8243;]<\/p>\n<h2 class=\"boutique-titre\" style=\"font-size: 18pt;\">Corea del Sur<\/h2>\n<p>[\/et_pb_text][et_pb_text module_class=\u00bbpx-fixed-row\u00bb _builder_version=\u00bb4.18.0&#8243; global_colors_info=\u00bb{}\u00bb]<\/p>\n<p><strong>Se\u00fal<\/strong><br \/>\nMirabelle<br \/>\nThe Cashmere<br \/>\nRaum[\/et_pb_text][\/et_pb_column][et_pb_column type=\u00bb1_4&#8243; _builder_version=\u00bb4.21.0&#8243; _module_preset=\u00bbdefault\u00bb global_colors_info=\u00bb{}\u00bb][et_pb_text admin_label=\u00bbSINGAPORE\u00bb module_class=\u00bbpx-fixed-row\u00bb _builder_version=\u00bb4.21.0&#8243; hover_enabled=\u00bb0&#8243; global_colors_info=\u00bb{}\u00bb custom_margin=\u00bb||0px||false|false\u00bb sticky_enabled=\u00bb0&#8243;]<\/p>\n<h2 class=\"boutique-titre\" style=\"font-size: 18pt;\">SINGAPUR<\/h2>\n<p>[\/et_pb_text][et_pb_text module_class=\u00bbpx-fixed-row\u00bb _builder_version=\u00bb4.18.0&#8243; global_colors_info=\u00bb{}\u00bb]<strong>SINGAPUR <\/strong><br \/>\nA Greener Wood[\/et_pb_text][et_pb_text admin_label=\u00bbTAIWAN\u00bb module_class=\u00bbpx-fixed-row\u00bb _builder_version=\u00bb4.21.0&#8243; hover_enabled=\u00bb0&#8243; global_colors_info=\u00bb{}\u00bb custom_margin=\u00bb||0px||false|false\u00bb sticky_enabled=\u00bb0&#8243;]<\/p>\n<h2 class=\"boutique-titre\" style=\"font-size: 18pt;\">TAIW\u00c1N<\/h2>\n<p>[\/et_pb_text][et_pb_text _builder_version=\u00bb4.21.0&#8243; global_colors_info=\u00bb{}\u00bb]<\/p>\n<p><strong>TAIN\u00c1N<\/strong><br \/>Miss Scone<\/p>\n<p><strong>Taip\u00e9i<\/strong><br \/>Cocoritt<br \/>Genie boutique<br \/>Purete<\/p>\n<p><strong>Ciudad de Zubei<\/strong><br \/>Nuan Co<\/p>\n<p>[\/et_pb_text][\/et_pb_column][\/et_pb_row][\/et_pb_section]<\/p>\n","protected":false},"excerpt":{"rendered":"<p>Distribuidores EN ASIA CHINA Hong Kong Joyeuserie Ningbo Moimoins Shangh\u00e1i Soi Meme JAP\u00d3N Hokkaido Tora Co Kobe Bshop boy Nagoya Maison de Lalan Osaka Beardsley Saitama One Co Lazy Susan Sapporo Tora Co Tokio Steven Alan &nbsp;MALDIVASManadhoo Soneva JaniCorea del SurSe\u00fal Mirabelle The Cashmere RaumSINGAPURSINGAPUR A Greener WoodTAIW\u00c1NTAIN\u00c1NMiss Scone Taip\u00e9iCocorittGenie boutiquePurete Ciudad de ZubeiNuan Co<\/p>\n","protected":false},"author":2,"featured_media":0,"parent":0,"menu_order":0,"comment_status":"closed","ping_status":"closed","template":"","meta":{"_et_pb_use_builder":"on","_et_pb_old_content":"","_et_gb_content_width":"","_monsterinsights_skip_tracking":false,"_monsterinsights_sitenote_active":false,"_monsterinsights_sitenote_note":"","_monsterinsights_sitenote_category":0,"footnotes":""},"class_list":["post-49340","page","type-page","status-publish","hentry"],"_links":{"self":[{"href":"https:\/\/www.muun-collection.com\/es\/wp-json\/wp\/v2\/pages\/49340","targetHints":{"allow":["GET"]}}],"collection":[{"href":"https:\/\/www.muun-collection.com\/es\/wp-json\/wp\/v2\/pages"}],"about":[{"href":"https:\/\/www.muun-collection.com\/es\/wp-json\/wp\/v2\/types\/page"}],"author":[{"embeddable":true,"href":"https:\/\/www.muun-collection.com\/es\/wp-json\/wp\/v2\/users\/2"}],"replies":[{"embeddable":true,"href":"https:\/\/www.muun-collection.com\/es\/wp-json\/wp\/v2\/comments?post=49340"}],"version-history":[{"count":0,"href":"https:\/\/www.muun-collection.com\/es\/wp-json\/wp\/v2\/pages\/49340\/revisions"}],"wp:attachment":[{"href":"https:\/\/www.muun-collection.com\/es\/wp-json\/wp\/v2\/media?parent=49340"}],"curies":[{"name":"wp","href":"https:\/\/api.w.org\/{rel}","templated":true}]}}