{"id":49342,"date":"2025-05-12T15:12:31","date_gmt":"2025-05-12T13:12:31","guid":{"rendered":"https:\/\/www.muun-collection.com\/?page_id=49342"},"modified":"2025-05-12T15:12:31","modified_gmt":"2025-05-12T13:12:31","slug":"privacy-policy","status":"publish","type":"page","link":"https:\/\/www.muun-collection.com\/es\/privacy-policy\/","title":{"rendered":"Pol\u00edtica de privacidad"},"content":{"rendered":"<p>[et_pb_section fb_built=\u00bb1&#8243; _builder_version=\u00bb4.14.8&#8243; hover_enabled=\u00bb0&#8243; global_colors_info=\u00bb{}\u00bb custom_margin_last_edited=\u00bbon|phone\u00bb custom_margin_phone=\u00bb|30px||30px|false|true\u00bb sticky_enabled=\u00bb0&#8243;][et_pb_row _builder_version=\u00bb3.25&#8243; background_size=\u00bbinitial\u00bb background_position=\u00bbtop_left\u00bb background_repeat=\u00bbrepeat\u00bb global_colors_info=\u00bb{}\u00bb column_structure=\u00bb1_5,3_5,1_5&#8243;][et_pb_column type=\u00bb1_5&#8243; _builder_version=\u00bb3.25&#8243; custom_padding=\u00bb|||\u00bb global_colors_info=\u00bb{}\u00bb custom_padding__hover=\u00bb|||\u00bb][\/et_pb_column][et_pb_column type=\u00bb3_5&#8243; _builder_version=\u00bb3.25&#8243; custom_padding=\u00bb|||\u00bb global_colors_info=\u00bb{}\u00bb custom_padding__hover=\u00bb|||\u00bb][et_pb_text _builder_version=\u00bb3.27.4&#8243; global_colors_info=\u00bb{}\u00bb]<\/p>\n<h1>POL\u00cdTICA DE PRIVACIDAD<\/h1>\n<p>[\/et_pb_text][\/et_pb_column][et_pb_column type=\u00bb1_5&#8243; _builder_version=\u00bb3.25&#8243; custom_padding=\u00bb|||\u00bb global_colors_info=\u00bb{}\u00bb custom_padding__hover=\u00bb|||\u00bb][\/et_pb_column][\/et_pb_row][et_pb_row _builder_version=\u00bb3.25&#8243; background_size=\u00bbinitial\u00bb background_position=\u00bbtop_left\u00bb background_repeat=\u00bbrepeat\u00bb global_colors_info=\u00bb{}\u00bb column_structure=\u00bb1_5,3_5,1_5&#8243;][et_pb_column type=\u00bb1_5&#8243; _builder_version=\u00bb3.25&#8243; custom_padding=\u00bb|||\u00bb global_colors_info=\u00bb{}\u00bb custom_padding__hover=\u00bb|||\u00bb][\/et_pb_column][et_pb_column type=\u00bb3_5&#8243; _builder_version=\u00bb3.25&#8243; custom_padding=\u00bb|||\u00bb global_colors_info=\u00bb{}\u00bb custom_padding__hover=\u00bb|||\u00bb][et_pb_text _builder_version=\u00bb3.27.4&#8243; global_colors_info=\u00bb{}\u00bb]<strong>INTRODUCCI\u00d3N<\/strong><br \/>\n1. La privacidad de los visitantes de nuestro sitio web es de suma importancia para nosotros, y estamos comprometidos a salvaguardarla. Esta pol\u00edtica explica c\u00f3mo gestionamos su informaci\u00f3n personal. <\/p>\n<p>2. Al consentir el uso de cookies de acuerdo con los t\u00e9rminos de esta pol\u00edtica cuando visita nuestro sitio web por primera vez, nos permite utilizar cookies cada vez que lo visita. <\/p>\n<p><strong style=\"margin-top:1em;\">CR\u00c9DITO<\/strong><br \/>\nEste documento fue creado utilizando una plantilla de SEQ Legal (seqlegal.com) y modificado por vpnMentor (www.vpnmentor.com) <\/p>\n<p><strong style=\"margin-top:1em;\">C\u00d3MO RECOPILAMOS SUS DATOS PERSONALES<\/strong><br \/>\nLos siguientes tipos de informaci\u00f3n personal pueden ser recopilados, almacenados y utilizados:<\/p>\n<p>1. Informaci\u00f3n sobre su ordenador, incluyendo su direcci\u00f3n IP, ubicaci\u00f3n geogr\u00e1fica, tipo y versi\u00f3n del navegador, y sistema operativo <\/p>\n<p>2. Informaci\u00f3n sobre sus visitas y uso de este sitio web, incluyendo la fuente de referencia, duraci\u00f3n de la visita, visualizaciones de p\u00e1gina y rutas de navegaci\u00f3n en el sitio web. <\/p>\n<p>3. Informaci\u00f3n que usted introduce al registrarse en nuestro sitio web, como su direcci\u00f3n de correo electr\u00f3nico. <\/p>\n<p>4. Informaci\u00f3n que usted introduce al crear un perfil en nuestro sitio web. Por ejemplo, su nombre, fotograf\u00edas de perfil, g\u00e9nero, fecha de nacimiento, estado civil, intereses y aficiones, detalles educativos y laborales.  <\/p>\n<p>5. Informaci\u00f3n que usted introduce para suscribirse a nuestros correos electr\u00f3nicos y\/o boletines informativos. <\/p>\n<p>6. Informaci\u00f3n generada durante el uso de nuestro sitio web, incluyendo cu\u00e1ndo, con qu\u00e9 frecuencia y bajo qu\u00e9 circunstancias lo utiliza. <\/p>\n<p>7. Informaci\u00f3n relacionada con cualquier compra, servicios que utilice o transacciones que realice a trav\u00e9s de nuestro sitio web, que incluye su nombre, direcci\u00f3n, n\u00famero de tel\u00e9fono, direcci\u00f3n de correo electr\u00f3nico y datos de tarjeta de cr\u00e9dito. <\/p>\n<p>8. Informaci\u00f3n que publica en nuestro sitio web con la intenci\u00f3n de que sea publicada en internet. <\/p>\n<p>9. Cualquier otra informaci\u00f3n personal que nos env\u00ede. <\/p>\n<p><strong style=\"margin-top:1em;\">USO DE LA INFORMACI\u00d3N PERSONAL<\/strong><br \/>\nLa informaci\u00f3n personal que nos env\u00eda a trav\u00e9s de nuestro sitio web ser\u00e1 utilizada para los fines especificados en esta pol\u00edtica o en las p\u00e1ginas relevantes del sitio web. Podemos utilizar su informaci\u00f3n personal para lo siguiente:  <\/p>\n<p>1. Administrar nuestro sitio web y negocio <\/p>\n<p>2. Personalizar nuestro sitio web para usted <\/p>\n<p>3. Permitir su uso de los servicios disponibles en nuestro sitio web <\/p>\n<p>4. Enviarle bienes adquiridos a trav\u00e9s de nuestro sitio web <\/p>\n<p>5. Suministrar servicios adquiridos a trav\u00e9s de nuestro sitio web <\/p>\n<p>6. Enviarle estados de cuenta, facturas y recordatorios de pago, y cobrarle los pagos. <\/p>\n<p>7. Enviarle comunicaciones comerciales no relacionadas con marketing <\/p>\n<p>8. Enviarle notificaciones por correo electr\u00f3nico que usted haya solicitado espec\u00edficamente. <\/p>\n<p>9. Enviarle nuestro bolet\u00edn por correo electr\u00f3nico si se ha suscrito a \u00e9l (puede darse de baja en cualquier momento). <\/p>\n<p>10. Enviarle comunicaciones de marketing relacionadas con nuestro negocio o los negocios de terceros que creemos que puedan ser de su inter\u00e9s. <\/p>\n<p>11. Proporcionar a terceros informaci\u00f3n estad\u00edstica sobre nuestros usuarios. <\/p>\n<p>12. Tratar consultas y quejas realizadas por usted o sobre usted en relaci\u00f3n con nuestro sitio web <\/p>\n<p>13. Mantener nuestro sitio web seguro y prevenir el fraude. <\/p>\n<p>14. Verificar el cumplimiento de los t\u00e9rminos y condiciones que rigen el uso de nuestro sitio web. <\/p>\n<p>15. Otros usos. <\/p>\n<p>Si env\u00eda informaci\u00f3n personal para su publicaci\u00f3n en nuestro sitio web, publicaremos y utilizaremos esa informaci\u00f3n de acuerdo con la licencia que nos otorgue. <\/p>\n<p>Sus ajustes de privacidad pueden utilizarse para limitar la publicaci\u00f3n de su informaci\u00f3n en nuestro sitio web y pueden ajustarse utilizando los controles de privacidad en el sitio web. <\/p>\n<p>No proporcionaremos su informaci\u00f3n personal a ning\u00fan tercero para su marketing directo o el de cualquier otro tercero sin su consentimiento expreso. <\/p>\n<p><strong style=\"margin-top:1em;\">DIVULGACI\u00d3N DE INFORMACI\u00d3N PERSONAL<\/strong><br \/>\nPodemos divulgar su informaci\u00f3n personal a cualquiera de nuestros empleados, directivos, aseguradores, asesores profesionales, agentes, proveedores o subcontratistas en la medida en que sea razonablemente necesario para los fines establecidos en esta pol\u00edtica. <\/p>\n<p>Podemos divulgar su informaci\u00f3n personal a cualquier miembro de nuestro grupo de empresas (esto significa nuestras subsidiarias, nuestra compa\u00f1\u00eda holding matriz y todas sus subsidiarias) en la medida en que sea razonablemente necesario para los fines establecidos en esta pol\u00edtica.<br \/>\nPodemos divulgar su informaci\u00f3n personal:<br \/>\n1. en la medida en que estemos obligados a hacerlo por ley; <\/p>\n<p>2. en relaci\u00f3n con cualquier procedimiento legal en curso o potencial; <\/p>\n<p>3. con el fin de establecer, ejercer o defender nuestros derechos legales (incluyendo proporcionar informaci\u00f3n a terceros con fines de prevenci\u00f3n del fraude y reducci\u00f3n del riesgo crediticio); <\/p>\n<p>4. al comprador (o posible comprador) de cualquier negocio o activo que estemos (o estemos contemplando) vender;<\/p>\n<p>5. a cualquier persona que razonablemente creamos que pueda solicitar a un tribunal u otra autoridad competente la divulgaci\u00f3n de dicha informaci\u00f3n personal cuando, en nuestra opini\u00f3n razonable, tal tribunal o autoridad pudiera ordenar con probabilidad la divulgaci\u00f3n de dicha informaci\u00f3n personal. <\/p>\n<p>Salvo lo dispuesto en esta pol\u00edtica, no proporcionaremos su informaci\u00f3n personal a terceros. <\/p>\n<p><strong style=\"margin-top:1em;\">TRANSFERENCIAS INTERNACIONALES DE DATOS<\/strong><br \/>\n1. La informaci\u00f3n que recopilamos puede ser almacenada, procesada y transferida entre cualquiera de los pa\u00edses en los que operamos con el fin de permitirnos utilizar la informaci\u00f3n de acuerdo con esta pol\u00edtica. <\/p>\n<p>2. La informaci\u00f3n que recopilamos puede ser transferida a los siguientes pa\u00edses que no cuentan con leyes de protecci\u00f3n de datos equivalentes a las vigentes en el Espacio Econ\u00f3mico Europeo: los Estados Unidos de Am\u00e9rica, Rusia, Jap\u00f3n, China e India. <\/p>\n<p>3. La informaci\u00f3n personal que usted publique en nuestro sitio web o env\u00ede para su publicaci\u00f3n en nuestro sitio web puede estar disponible, a trav\u00e9s de internet, en todo el mundo. No podemos impedir el uso o mal uso de dicha informaci\u00f3n por parte de terceros.  <\/p>\n<p>4. Usted acepta expresamente las transferencias de informaci\u00f3n personal descritas en esta Secci\u00f3n F. <\/p>\n<p><strong style=\"margin-top:1em;\">CONSERVACI\u00d3N DE INFORMACI\u00d3N PERSONAL<\/strong><br \/>\n1. Esta Secci\u00f3n G establece nuestras pol\u00edticas y procedimientos de retenci\u00f3n de datos, los cuales est\u00e1n dise\u00f1ados para ayudar a garantizar que cumplamos con nuestras obligaciones legales con respecto a la retenci\u00f3n y eliminaci\u00f3n de informaci\u00f3n personal.<\/p>\n<p>2. La informaci\u00f3n personal que procesamos para cualquier prop\u00f3sito o prop\u00f3sitos no se mantendr\u00e1 por m\u00e1s tiempo del necesario para ese prop\u00f3sito o prop\u00f3sitos.<\/p>\n<p>3. Sin perjuicio del art\u00edculo G-2, generalmente eliminaremos los datos personales que se encuentren dentro de las categor\u00edas establecidas a continuaci\u00f3n en la fecha\/hora indicada a continuaci\u00f3n:<br \/>\n<em>a. los datos relacionados con ventas se eliminar\u00e1n despu\u00e9s de 2 a\u00f1os;<br \/>\nb. los datos de la cuenta del cliente se eliminar\u00e1n despu\u00e9s de 3 a\u00f1os.  <\/em><\/p>\n<p>4. No obstante las dem\u00e1s disposiciones de esta Secci\u00f3n G, conservaremos documentos (incluidos documentos electr\u00f3nicos) que contengan datos personales:<br \/>\n<em>a. en la medida en que estemos obligados a hacerlo por ley;<br \/>\nb. si creemos que los documentos pueden ser relevantes para cualquier procedimiento legal en curso o potencial; y<br \/>\nc. con el fin de establecer, ejercer o defender nuestros derechos legales (incluido el suministro de informaci\u00f3n a terceros con fines de prevenci\u00f3n del fraude y reducci\u00f3n del riesgo crediticio).   <\/em> <\/p>\n<p><strong style=\"margin-top:1em;\">SEGURIDAD DE SU INFORMACI\u00d3N PERSONAL<\/strong><br \/>\n1. Tomaremos precauciones t\u00e9cnicas y organizativas razonables para prevenir la p\u00e9rdida, el mal uso o la alteraci\u00f3n de su informaci\u00f3n personal.<\/p>\n<p>2. Almacenaremos toda la informaci\u00f3n personal que usted proporcione en nuestros servidores seguros (protegidos por contrase\u00f1a y firewall).<\/p>\n<p>3. Todas las transacciones financieras electr\u00f3nicas realizadas a trav\u00e9s de nuestro sitio web estar\u00e1n protegidas por tecnolog\u00eda de encriptaci\u00f3n. <\/p>\n<p>4. Usted reconoce que la transmisi\u00f3n de informaci\u00f3n a trav\u00e9s de internet es inherentemente insegura, y no podemos garantizar la seguridad de los datos enviados a trav\u00e9s de internet.<\/p>\n<p>5. Usted es responsable de mantener la confidencialidad de la contrase\u00f1a que utiliza para acceder a nuestro sitio web; no le solicitaremos su contrase\u00f1a (excepto cuando inicie sesi\u00f3n en nuestro sitio web). <\/p>\n<p><strong style=\"margin-top:1em;\">ENMIENDAS<\/strong><br \/>\nPodemos actualizar esta pol\u00edtica de vez en cuando mediante la publicaci\u00f3n de una nueva versi\u00f3n en nuestro sitio web. Debe revisar esta p\u00e1gina ocasionalmente para asegurarse de que comprende cualquier cambio en esta pol\u00edtica. Podemos notificarle sobre cambios en esta pol\u00edtica por correo electr\u00f3nico o a trav\u00e9s del sistema de mensajer\u00eda privada en nuestro sitio web.   <\/p>\n<p><strong style=\"margin-top:1em;\">SUS DERECHOS<\/strong><br \/>\nUsted puede instruirnos para que le proporcionemos cualquier informaci\u00f3n personal que tengamos sobre usted; el suministro de dicha informaci\u00f3n estar\u00e1 sujeto a la presentaci\u00f3n de pruebas apropiadas de su identidad.<\/p>\n<p>Podemos retener informaci\u00f3n personal que usted solicite en la medida permitida por la ley.<br \/>\nUsted puede instruirnos en cualquier momento que no procesemos su informaci\u00f3n personal con fines de marketing. <\/p>\n<p>En la pr\u00e1ctica, generalmente usted aceptar\u00e1 expresamente con anticipaci\u00f3n nuestro uso de su informaci\u00f3n personal con fines de marketing, o le brindaremos la oportunidad de optar por no permitir el uso de su informaci\u00f3n personal con fines de marketing. <\/p>\n<p><strong style=\"margin-top:1em;\">SITIOS WEB DE TERCEROS<\/strong><br \/>\nNuestro sitio web incluye hiperv\u00ednculos y detalles de sitios web de terceros. No tenemos control sobre, ni somos responsables de, las pol\u00edticas y pr\u00e1cticas de privacidad de terceros.  <\/p>\n<p><strong style=\"margin-top:1em;\">ACTUALIZACI\u00d3N DE INFORMACI\u00d3N<\/strong><br \/>\nPor favor, h\u00e1ganos saber si la informaci\u00f3n personal que tenemos sobre usted necesita ser corregida o actualizada. <\/p>\n<p><strong style=\"margin-top:1em;\">COOKIES<\/strong><br \/>\nNuestro sitio web utiliza cookies. Una cookie es un archivo que contiene un identificador (una cadena de letras y n\u00fameros) que es enviado por un servidor web a un navegador web y es almacenado por el navegador. El identificador es posteriormente enviado de vuelta al servidor cada vez que el navegador solicita una p\u00e1gina del servidor. Las cookies pueden ser cookies \u00abpersistentes\u00bb o cookies \u00abde sesi\u00f3n\u00bb: una cookie persistente ser\u00e1 almacenada por un navegador web y permanecer\u00e1 v\u00e1lida hasta su fecha de caducidad establecida, a menos que sea eliminada por el usuario antes de la fecha de caducidad; una cookie de sesi\u00f3n, por otro lado, caducar\u00e1 al final de la sesi\u00f3n del usuario, cuando se cierre el navegador web. Las cookies t\u00edpicamente no contienen ninguna informaci\u00f3n que identifique personalmente a un usuario, pero la informaci\u00f3n personal que almacenamos sobre usted puede estar vinculada a la informaci\u00f3n almacenada en y obtenida de las cookies. Nosotros utilizamos \u00fanicamente cookies de sesi\u00f3n.     <\/p>\n<p>1. La mayor\u00eda de los navegadores le permiten rechazar la aceptaci\u00f3n de cookies\u2014por ejemplo:<br \/>\n<em>a. en Internet Explorer (versi\u00f3n 10) puede bloquear las cookies utilizando la configuraci\u00f3n de anulaci\u00f3n de manejo de cookies disponible haciendo clic en \u00abHerramientas\u00bb, \u00abOpciones de Internet\u00bb, \u00abPrivacidad\u00bb, y luego \u00abAvanzado\u00bb;<br \/>\nb. en Firefox (versi\u00f3n 24) puede bloquear todas las cookies haciendo clic en \u00abHerramientas\u00bb, \u00abOpciones\u00bb, \u00abPrivacidad\u00bb, seleccionando \u00abUsar una configuraci\u00f3n personalizada para el historial\u00bb en el men\u00fa desplegable, y desmarcando \u00abAceptar cookies de sitios\u00bb; y<br \/>\nc. en Chrome (versi\u00f3n 29), puede bloquear todas las cookies accediendo al men\u00fa \u00abPersonalizar y controlar\u00bb, y haciendo clic en \u00abConfiguraci\u00f3n\u00bb, \u00abMostrar configuraci\u00f3n avanzada\u00bb, y \u00abConfiguraci\u00f3n de contenido\u00bb, y luego seleccionando \u00abBloquear los datos de sitios y las cookies de terceros\u00bb bajo el encabezado \u00abCookies\u00bb.   <\/em> <\/p>\n<p>Bloquear todas las cookies tendr\u00e1 un impacto negativo en la usabilidad de muchos sitios web. Si bloquea las cookies, no podr\u00e1 utilizar todas las funcionalidades de nuestro sitio web. <\/p>\n<p>2. Puede eliminar las cookies ya almacenadas en su ordenador\u2014por ejemplo:<br \/>\n<em>a. en Internet Explorer (versi\u00f3n 10), debe eliminar manualmente los archivos de cookies (puede encontrar instrucciones para hacerlo en http:\/\/support.microsoft.com\/kb\/278835 );<br \/>\nb. en Firefox (versi\u00f3n 24), puede eliminar las cookies haciendo clic en \u00abHerramientas\u00bb, \u00abOpciones\u00bb, y \u00abPrivacidad\u00bb, luego seleccionando \u00abUsar una configuraci\u00f3n personalizada para el historial\u00bb, haciendo clic en \u00abMostrar cookies\u00bb, y luego haciendo clic en \u00abEliminar todas las cookies\u00bb; y<br \/>\nc. en Chrome (versi\u00f3n 29), puede eliminar todas las cookies accediendo al men\u00fa \u00abPersonalizar y controlar\u00bb, y haciendo clic en \u00abConfiguraci\u00f3n\u00bb, \u00abMostrar configuraci\u00f3n avanzada\u00bb, y \u00abBorrar datos de navegaci\u00f3n\u00bb, y luego seleccionando \u00abEliminar cookies y otros datos de sitios y complementos\u00bb antes de hacer clic en \u00abBorrar datos de navegaci\u00f3n\u00bb.   <\/em><\/p>\n<p>3. Eliminar las cookies tendr\u00e1 un impacto negativo en la usabilidad de muchos sitios web.<br \/>\n[\/et_pb_text][\/et_pb_column][et_pb_column type=\u00bb1_5&#8243; _builder_version=\u00bb3.25&#8243; custom_padding=\u00bb|||\u00bb global_colors_info=\u00bb{}\u00bb custom_padding__hover=\u00bb|||\u00bb][\/et_pb_column][\/et_pb_row][\/et_pb_section]<\/p>\n","protected":false},"excerpt":{"rendered":"<p>POL\u00cdTICA DE PRIVACIDAD INTRODUCCI\u00d3N 1. La privacidad de los visitantes de nuestro sitio web es de suma importancia para nosotros, y estamos comprometidos a salvaguardarla. Esta pol\u00edtica explica c\u00f3mo gestionamos su informaci\u00f3n personal. 2. Al consentir el uso de cookies de acuerdo con los t\u00e9rminos de esta pol\u00edtica cuando visita nuestro sitio web por primera [&hellip;]<\/p>\n","protected":false},"author":1,"featured_media":0,"parent":0,"menu_order":0,"comment_status":"closed","ping_status":"closed","template":"","meta":{"_et_pb_use_builder":"on","_et_pb_old_content":"","_et_gb_content_width":"","_monsterinsights_skip_tracking":false,"_monsterinsights_sitenote_active":false,"_monsterinsights_sitenote_note":"","_monsterinsights_sitenote_category":0,"footnotes":""},"class_list":["post-49342","page","type-page","status-publish","hentry"],"_links":{"self":[{"href":"https:\/\/www.muun-collection.com\/es\/wp-json\/wp\/v2\/pages\/49342","targetHints":{"allow":["GET"]}}],"collection":[{"href":"https:\/\/www.muun-collection.com\/es\/wp-json\/wp\/v2\/pages"}],"about":[{"href":"https:\/\/www.muun-collection.com\/es\/wp-json\/wp\/v2\/types\/page"}],"author":[{"embeddable":true,"href":"https:\/\/www.muun-collection.com\/es\/wp-json\/wp\/v2\/users\/1"}],"replies":[{"embeddable":true,"href":"https:\/\/www.muun-collection.com\/es\/wp-json\/wp\/v2\/comments?post=49342"}],"version-history":[{"count":0,"href":"https:\/\/www.muun-collection.com\/es\/wp-json\/wp\/v2\/pages\/49342\/revisions"}],"wp:attachment":[{"href":"https:\/\/www.muun-collection.com\/es\/wp-json\/wp\/v2\/media?parent=49342"}],"curies":[{"name":"wp","href":"https:\/\/api.w.org\/{rel}","templated":true}]}}