{"id":49422,"date":"2025-02-24T12:15:15","date_gmt":"2025-02-24T11:15:15","guid":{"rendered":"https:\/\/www.muun-collection.com\/?post_type=product&#038;p=49422"},"modified":"2025-05-12T16:04:40","modified_gmt":"2025-05-12T14:04:40","slug":"jack","status":"publish","type":"product","link":"https:\/\/www.muun-collection.com\/es\/shop\/primavera-verano-2025\/jack\/","title":{"rendered":"JACK"},"content":{"rendered":"<p>. La base de paja est\u00e1 tejida a mano con resistente hierba de elefante, lo que requiere de 2 a 3 d\u00edas de trabajo.<br \/>\n. Las asas est\u00e1n fabricadas con piel de becerro italiana curtida al vegetal.<br \/>\n. Este bolso se finaliza y ensambla en nuestro taller en Francia.<br \/>\n. La bolsa interior est\u00e1 cosida por personas con discapacidad que trabajan para ISTA.<br \/>\nDado que los bolsos MUU\u00d1 son productos hechos a mano, cada tejido es \u00fanico, pudiendo haber variaciones en tama\u00f1o, forma y colores.   <\/p>\n","protected":false},"excerpt":{"rendered":"<p>Bolso de paja con bolsillo extra\u00edble.<br \/>\nBolso de mano y hombro.<br \/>\nHECHO A MANO EN GHANA.<\/p>\n","protected":false},"featured_media":49437,"comment_status":"closed","ping_status":"closed","template":"","meta":{"_et_pb_use_builder":"","_et_pb_old_content":"","_et_gb_content_width":"","_monsterinsights_skip_tracking":false,"_monsterinsights_sitenote_active":false,"_monsterinsights_sitenote_note":"","_monsterinsights_sitenote_category":0},"product_brand":[],"product_cat":[1840,1906],"product_tag":[1841],"woo-feed-brand":[],"class_list":{"0":"post-49422","1":"product","2":"type-product","3":"status-publish","4":"has-post-thumbnail","6":"product_cat-primavera-verano-2025","7":"product_cat-bolso-de-paja","8":"product_tag-pv25","9":"product_shipping_class-grands-paniers","11":"first","12":"instock","13":"taxable","14":"shipping-taxable","15":"purchasable","16":"product-type-variable","17":"has-default-attributes"},"_links":{"self":[{"href":"https:\/\/www.muun-collection.com\/es\/wp-json\/wp\/v2\/product\/49422","targetHints":{"allow":["GET"]}}],"collection":[{"href":"https:\/\/www.muun-collection.com\/es\/wp-json\/wp\/v2\/product"}],"about":[{"href":"https:\/\/www.muun-collection.com\/es\/wp-json\/wp\/v2\/types\/product"}],"replies":[{"embeddable":true,"href":"https:\/\/www.muun-collection.com\/es\/wp-json\/wp\/v2\/comments?post=49422"}],"wp:featuredmedia":[{"embeddable":true,"href":"https:\/\/www.muun-collection.com\/es\/wp-json\/wp\/v2\/media\/49437"}],"wp:attachment":[{"href":"https:\/\/www.muun-collection.com\/es\/wp-json\/wp\/v2\/media?parent=49422"}],"wp:term":[{"taxonomy":"product_brand","embeddable":true,"href":"https:\/\/www.muun-collection.com\/es\/wp-json\/wp\/v2\/product_brand?post=49422"},{"taxonomy":"product_cat","embeddable":true,"href":"https:\/\/www.muun-collection.com\/es\/wp-json\/wp\/v2\/product_cat?post=49422"},{"taxonomy":"product_tag","embeddable":true,"href":"https:\/\/www.muun-collection.com\/es\/wp-json\/wp\/v2\/product_tag?post=49422"},{"taxonomy":"woo-feed-brand","embeddable":true,"href":"https:\/\/www.muun-collection.com\/es\/wp-json\/wp\/v2\/woo-feed-brand?post=49422"}],"curies":[{"name":"wp","href":"https:\/\/api.w.org\/{rel}","templated":true}]}}