{"id":49600,"date":"2025-01-17T09:21:10","date_gmt":"2025-01-17T08:21:10","guid":{"rendered":"https:\/\/www.muun-collection.com\/?post_type=product&#038;p=49600"},"modified":"2025-05-12T16:04:52","modified_gmt":"2025-05-12T14:04:52","slug":"mini-shell","status":"publish","type":"product","link":"https:\/\/www.muun-collection.com\/es\/shop\/canasta-de-mimbre-es\/mini-shell\/","title":{"rendered":"MINI SHELL"},"content":{"rendered":"<p>. La base de paja est\u00e1 tejida a mano con resistente hierba de elefante, requiriendo de 2 a 3 d\u00edas de trabajo.<br \/>\n. Las asas de macram\u00e9 est\u00e1n hechas a mano con un grueso cord\u00f3n de algod\u00f3n encerado en nuestro taller en Francia.<br \/>\n. La bolsa interior est\u00e1 cosida por personas con discapacidad que trabajan para ISTA.<br \/>\nDado que los bolsos MUU\u00d1 son productos artesanales, pueden presentarse variaciones en la forma o el tama\u00f1o.  <\/p>\n","protected":false},"excerpt":{"rendered":"<p>Bolso de paja con bolsa extra\u00edble.<br \/>\nBolso de mano.<br \/>\nELABORADO ARTESANALMENTE EN GHANA.<\/p>\n","protected":false},"featured_media":49606,"comment_status":"closed","ping_status":"closed","template":"","meta":{"_et_pb_use_builder":"","_et_pb_old_content":"","_et_gb_content_width":"","_monsterinsights_skip_tracking":false,"_monsterinsights_sitenote_active":false,"_monsterinsights_sitenote_note":"","_monsterinsights_sitenote_category":0},"product_brand":[],"product_cat":[1975,1982,1987,1991,1881,1840,1906,1919,1935,1947],"product_tag":[1841],"woo-feed-brand":[],"class_list":{"0":"post-49600","1":"product","2":"type-product","3":"status-publish","4":"has-post-thumbnail","6":"product_cat-canasta-de-mimbre-es","7":"product_cat-bolsa-de-rafia","8":"product_cat-cesta-de-rafia","9":"product_cat-canasta-de-rafia","10":"product_cat-las-asas-de-macrame","11":"product_cat-primavera-verano-2025","12":"product_cat-bolso-de-paja","13":"product_cat-cesta-de-paja","14":"product_cat-canasta-de-paja","15":"product_cat-bolsa-etica","16":"product_tag-pv25","18":"first","19":"instock","20":"taxable","21":"shipping-taxable","22":"purchasable","23":"product-type-variable","24":"has-default-attributes"},"_links":{"self":[{"href":"https:\/\/www.muun-collection.com\/es\/wp-json\/wp\/v2\/product\/49600","targetHints":{"allow":["GET"]}}],"collection":[{"href":"https:\/\/www.muun-collection.com\/es\/wp-json\/wp\/v2\/product"}],"about":[{"href":"https:\/\/www.muun-collection.com\/es\/wp-json\/wp\/v2\/types\/product"}],"replies":[{"embeddable":true,"href":"https:\/\/www.muun-collection.com\/es\/wp-json\/wp\/v2\/comments?post=49600"}],"wp:featuredmedia":[{"embeddable":true,"href":"https:\/\/www.muun-collection.com\/es\/wp-json\/wp\/v2\/media\/49606"}],"wp:attachment":[{"href":"https:\/\/www.muun-collection.com\/es\/wp-json\/wp\/v2\/media?parent=49600"}],"wp:term":[{"taxonomy":"product_brand","embeddable":true,"href":"https:\/\/www.muun-collection.com\/es\/wp-json\/wp\/v2\/product_brand?post=49600"},{"taxonomy":"product_cat","embeddable":true,"href":"https:\/\/www.muun-collection.com\/es\/wp-json\/wp\/v2\/product_cat?post=49600"},{"taxonomy":"product_tag","embeddable":true,"href":"https:\/\/www.muun-collection.com\/es\/wp-json\/wp\/v2\/product_tag?post=49600"},{"taxonomy":"woo-feed-brand","embeddable":true,"href":"https:\/\/www.muun-collection.com\/es\/wp-json\/wp\/v2\/woo-feed-brand?post=49600"}],"curies":[{"name":"wp","href":"https:\/\/api.w.org\/{rel}","templated":true}]}}