{"id":100,"date":"2018-11-08T12:25:48","date_gmt":"2018-11-08T11:25:48","guid":{"rendered":"https:\/\/www.muun-collection.com\/?page_id=100"},"modified":"2025-03-13T10:23:18","modified_gmt":"2025-03-13T09:23:18","slug":"mentions-legales","status":"publish","type":"page","link":"https:\/\/www.muun-collection.com\/fr\/mentions-legales\/","title":{"rendered":"Mentions L\u00e9gales"},"content":{"rendered":"<p>[et_pb_section fb_built=\u00a0\u00bb1&Prime; _builder_version=\u00a0\u00bb4.16&Prime; custom_margin_tablet=\u00a0\u00bb\u00a0\u00bb custom_margin_phone=\u00a0\u00bb|30px||30px|false|true\u00a0\u00bb custom_margin_last_edited=\u00a0\u00bbon|phone\u00a0\u00bb global_colors_info=\u00a0\u00bb{}\u00a0\u00bb][et_pb_row column_structure=\u00a0\u00bb1_5,3_5,1_5&Prime; _builder_version=\u00a0\u00bb4.16&Prime; background_size=\u00a0\u00bbinitial\u00a0\u00bb background_position=\u00a0\u00bbtop_left\u00a0\u00bb background_repeat=\u00a0\u00bbrepeat\u00a0\u00bb global_colors_info=\u00a0\u00bb{}\u00a0\u00bb][et_pb_column type=\u00a0\u00bb1_5&Prime; _builder_version=\u00a0\u00bb4.16&Prime; custom_padding=\u00a0\u00bb|||\u00a0\u00bb global_colors_info=\u00a0\u00bb{}\u00a0\u00bb custom_padding__hover=\u00a0\u00bb|||\u00a0\u00bb][\/et_pb_column][et_pb_column type=\u00a0\u00bb3_5&Prime; _builder_version=\u00a0\u00bb4.16&Prime; custom_padding=\u00a0\u00bb|||\u00a0\u00bb global_colors_info=\u00a0\u00bb{}\u00a0\u00bb custom_padding__hover=\u00a0\u00bb|||\u00a0\u00bb][et_pb_text _builder_version=\u00a0\u00bb4.16&Prime; global_colors_info=\u00a0\u00bb{}\u00a0\u00bb]<\/p>\n<h1>Mentions L\u00e9gales<\/h1>\n<p>[\/et_pb_text][et_pb_text _builder_version=\u00a0\u00bb4.24.3&Prime; hover_enabled=\u00a0\u00bb0&Prime; global_colors_info=\u00a0\u00bb{}\u00a0\u00bb sticky_enabled=\u00a0\u00bb0&Prime;]<\/p>\n<p><strong>Le site www.muun-collection.com est exploit\u00e9 par<\/strong><br \/>Muu\u00f1, Soci\u00e9t\u00e9 par Actions Simplifi\u00e9es, au capital social de 10 000 euros, dont le si\u00e8ge social est \u00e9tabli au<br \/>4 bis Villeneuve 49700 Denez\u00e9-sous-Dou\u00e9 France<\/p>\n<p>Immatricul\u00e9 au Registre du Commerce et des Soci\u00e9t\u00e9s sous le num\u00e9ro R.C.S. 812 206 415 ANGERS<\/p>\n<p><strong>Le site www.muun-collection.com est h\u00e9berg\u00e9 par OVH<\/strong><br \/>SAS au capital de 10 000 000 \u20ac RCS Roubaix-Tourcoing 424 761 419 00045<br \/>Code APE 6202A-N\u00b0 TVA : FR 22 424 761 419<br \/>Si\u00e8ge social : 2 rue Kellermann 59100 Roubaix, France<\/p>\n<p><strong>Directeur de la publication :<\/strong> Audrey David &amp; Muu\u00f1 SAS &#8211; <a href=\"mailto:info@muun.fr\">hello@muun.fr<\/a><\/p>\n<p><strong>Conception graphique et d\u00e9veloppement :<\/strong> Pixel Addict &#8211; <a href=\"http:\/\/www.pixeladdict.fr\" target=\"_blank\" rel=\"noopener noreferrer\">http:\/\/www.pixeladdict.fr<\/a><\/p>\n<p><strong>Conception \u00e9ditoriale et r\u00e9daction :<\/strong> En Venir Aux Mots &#8211; <a href=\"http:\/\/www.envenirauxmots.fr\" target=\"_blank\" rel=\"noopener noreferrer\">http:\/\/www.envenirauxmots.fr<\/a><\/p>\n<p><strong>Cr\u00e9dits photo :<\/strong> @stephanerivierephotographe<\/p>\n<p>[\/et_pb_text][\/et_pb_column][et_pb_column type=\u00a0\u00bb1_5&Prime; _builder_version=\u00a0\u00bb4.16&Prime; custom_padding=\u00a0\u00bb|||\u00a0\u00bb global_colors_info=\u00a0\u00bb{}\u00a0\u00bb custom_padding__hover=\u00a0\u00bb|||\u00a0\u00bb][\/et_pb_column][\/et_pb_row][\/et_pb_section]<\/p>\n","protected":false},"excerpt":{"rendered":"<p>Mentions L\u00e9gales Le site www.muun-collection.com est exploit\u00e9 parMuu\u00f1, Soci\u00e9t\u00e9 par Actions Simplifi\u00e9es, au capital social de 10 000 euros, dont le si\u00e8ge social est \u00e9tabli au4 bis Villeneuve 49700 Denez\u00e9-sous-Dou\u00e9 France Immatricul\u00e9 au Registre du Commerce et des Soci\u00e9t\u00e9s sous le num\u00e9ro R.C.S. 812 206 415 ANGERS Le site www.muun-collection.com est h\u00e9berg\u00e9 par OVHSAS au [&hellip;]<\/p>\n","protected":false},"author":1,"featured_media":0,"parent":0,"menu_order":0,"comment_status":"closed","ping_status":"closed","template":"","meta":{"_et_pb_use_builder":"on","_et_pb_old_content":"<strong>Le site www.muun.fr est exploit\u00e9 par<\/strong>\r\nMuu\u00f1, Soci\u00e9t\u00e9 par Actions Simplifi\u00e9es, au capital social de 10 000 euros, dont le si\u00e8ge social est \u00e9tabli au\r\n4 bis Villeneuve 49700 Denez\u00e9-sous-Dou\u00e9  France\r\n\r\nImmatricul\u00e9 au Registe du Commerce et des Soci\u00e9t\u00e9s sous le num\u00e9ro R.C.S. 812 206 415 ANGERS\r\n\r\n\r\n<strong>Le site www.muun.fr est h\u00e9berg\u00e9 par OVH<\/strong>\r\nSAS au capital de 10 000 000 \u20ac RCS Roubaix-Tourcoing 424 761 419 00045\r\nCode APE 6202A-N\u00b0 TVA : FR 22 424 761 419\r\nSi\u00e8ge social : 2 rue Kellermann 59100 Roubaix, France\r\n\r\nDirecteur de la publication :  Audrey David - <a href=\"mailto:info@muun.fr\">info@muun.fr<\/a>\r\nConception graphique et d\u00e9veloppement : <a href=\"http:\/\/www.pixeladdict.fr\" rel=\"noopener\" target=\"_blank\">http:\/\/www.pixeladdict.fr<\/a>\r\nConception \u00e9ditoriale et r\u00e9daction : <a href=\"http:\/\/www.envenirauxmots.fr\" rel=\"noopener\" target=\"_blank\">http:\/\/www.envenirauxmots.fr<\/a>\r\nCr\u00e9dits photo : <a href=\"http:\/\/www.yurina-photographer.com\" rel=\"noopener\" target=\"_blank\">http:\/\/www.yurina-photographer.com<\/a>, <a href=\"http:\/\/www.srs13.com\" rel=\"noopener\" target=\"_blank\">http:\/\/www.srs13.com<\/a>","_et_gb_content_width":"","_monsterinsights_skip_tracking":false,"_monsterinsights_sitenote_active":false,"_monsterinsights_sitenote_note":"","_monsterinsights_sitenote_category":0,"footnotes":""},"class_list":["post-100","page","type-page","status-publish","hentry"],"_links":{"self":[{"href":"https:\/\/www.muun-collection.com\/fr\/wp-json\/wp\/v2\/pages\/100","targetHints":{"allow":["GET"]}}],"collection":[{"href":"https:\/\/www.muun-collection.com\/fr\/wp-json\/wp\/v2\/pages"}],"about":[{"href":"https:\/\/www.muun-collection.com\/fr\/wp-json\/wp\/v2\/types\/page"}],"author":[{"embeddable":true,"href":"https:\/\/www.muun-collection.com\/fr\/wp-json\/wp\/v2\/users\/1"}],"replies":[{"embeddable":true,"href":"https:\/\/www.muun-collection.com\/fr\/wp-json\/wp\/v2\/comments?post=100"}],"version-history":[{"count":0,"href":"https:\/\/www.muun-collection.com\/fr\/wp-json\/wp\/v2\/pages\/100\/revisions"}],"wp:attachment":[{"href":"https:\/\/www.muun-collection.com\/fr\/wp-json\/wp\/v2\/media?parent=100"}],"curies":[{"name":"wp","href":"https:\/\/api.w.org\/{rel}","templated":true}]}}