{"id":104,"date":"2018-11-08T12:27:10","date_gmt":"2018-11-08T11:27:10","guid":{"rendered":"https:\/\/www.muun-collection.com\/?page_id=104"},"modified":"2026-01-08T10:15:18","modified_gmt":"2026-01-08T09:15:18","slug":"livraison","status":"publish","type":"page","link":"https:\/\/www.muun-collection.com\/fr\/livraison\/","title":{"rendered":"Livraison et retours"},"content":{"rendered":"<p><strong>\u00a0FRANCE<\/strong><\/p>\n<ul>\n<li><strong>Livraison et retours gratuits<\/strong><\/li>\n<li>Pour les articles sold\u00e9s et en vente sur l&rsquo;<strong>OUTLET<\/strong>, les frais de retours sont \u00e0 la charge du client.<\/li>\n<\/ul>\n<p>&nbsp;<\/p>\n<p><strong>Royaume-Uni<\/strong><\/p>\n<ul>\n<li><strong>Livraison gratuite<\/strong> d\u00e8s <strong>180 GBP d\u2019achat<\/strong><\/li>\n<li>En dessous de ce montant : <strong>35 GBP par article<\/strong><\/li>\n<li><strong>GRANDS PANIERS<\/strong> : suppl\u00e9ment de <strong>100 GBP<\/strong><\/li>\n<li><strong>Taxes et droits de douane inclus<\/strong><\/li>\n<li><strong>Frais de retour \u00e0 la charge du client<\/strong><\/li>\n<\/ul>\n<p>&nbsp;<\/p>\n<p><strong>Europe (hors Suisse et Royaume-Uni)<\/strong><\/p>\n<ul>\n<li><strong>Livraison gratuite<\/strong> d\u00e8s <strong>150 \u20ac d\u2019achat<\/strong><\/li>\n<li>En dessous de ce montant : <strong>12 \u20ac par article<\/strong><\/li>\n<li><strong>GRANDS PANIERS<\/strong> : suppl\u00e9ment de <strong>30 \u20ac<\/strong><\/li>\n<li><strong>Frais de retour \u00e0 la charge du client<\/strong><\/li>\n<\/ul>\n<p>&nbsp;<\/p>\n<p><strong>Suisse<\/strong><\/p>\n<ul>\n<li><strong>Livraison gratuite<\/strong> d\u00e8s <strong>150 \u20ac d\u2019achat<\/strong><\/li>\n<li>En dessous de ce montant : <strong>12 \u20ac par article<\/strong><\/li>\n<li><strong>GRANDS PANIERS<\/strong> : suppl\u00e9ment de <strong>30 \u20ac<\/strong><\/li>\n<li><strong>Taxes et droits de douane inclus<\/strong><\/li>\n<li><strong>Frais de retour \u00e0 la charge du client<\/strong><\/li>\n<\/ul>\n<p>&nbsp;<\/p>\n<p><strong>Norv\u00e8ge<\/strong><\/p>\n<ul>\n<li><strong>Livraison gratuite<\/strong> d\u00e8s <strong>1 700 NOK d\u2019achat<\/strong><\/li>\n<li>En dessous de ce montant : <strong>300 NOK par article<\/strong><\/li>\n<li><strong>GRANDS PANIERS<\/strong> : suppl\u00e9ment de <strong>600 NOK<\/strong><\/li>\n<li><strong>Taxes et droits de douane inclus<\/strong><\/li>\n<li><strong>Frais de retour \u00e0 la charge du client<\/strong><\/li>\n<\/ul>\n<p>&nbsp;<\/p>\n<p><strong>\u00c9tats-Unis<\/strong><\/p>\n<ul>\n<li><strong>Livraison gratuite<\/strong> d\u00e8s <strong>300 USD d\u2019achat<\/strong><\/li>\n<li>En dessous de ce montant : <strong>35 USD par article<\/strong><\/li>\n<li><strong>GRANDS PANIERS<\/strong> : suppl\u00e9ment de <strong>95 USD<\/strong><\/li>\n<li><strong>Taxes et droits de douane inclus<\/strong><\/li>\n<li><strong>Frais de retour \u00e0 la charge du client<\/strong><\/li>\n<\/ul>\n<p>&nbsp;<\/p>\n<p><strong>Japon<\/strong><\/p>\n<ul>\n<li><strong>Livraison gratuite<\/strong> d\u00e8s <strong>24 000 YEN d\u2019achat<\/strong><\/li>\n<li>En dessous de ce montant : <strong>5 000 YEN par article<\/strong><\/li>\n<li><strong>GRANDS PANIERS<\/strong> : suppl\u00e9ment de <strong>13 000 YEN<\/strong><\/li>\n<li><strong>Taxes et droits de douane inclus<\/strong><\/li>\n<li><strong>Frais de retour \u00e0 la charge du client<\/strong><\/li>\n<\/ul>\n<p>&nbsp;<\/p>\n<p><strong>Australie &amp; Oc\u00e9anie<\/strong><\/p>\n<ul>\n<li><strong>Livraison gratuite<\/strong> d\u00e8s <strong>200 \u20ac ou 400 AUD d\u2019achat<\/strong><\/li>\n<li>En dessous de ce montant : <strong>50 \u20ac ou 110 AUD par article<\/strong><\/li>\n<li><strong>GRANDS PANIERS<\/strong> : suppl\u00e9ment de <strong>170 \u20ac ou 300 AUD<\/strong><\/li>\n<li><strong>Taxes et droits de douane inclus<\/strong><\/li>\n<li><strong>Frais de retour \u00e0 la charge du client<\/strong><\/li>\n<\/ul>\n<p>&nbsp;<\/p>\n<p><strong>Singapour<\/strong><\/p>\n<ul>\n<li><strong>Livraison gratuite<\/strong> d\u00e8s <strong>240 SGD d\u2019achat<\/strong><\/li>\n<li>En dessous de ce montant : <strong>50 SGD par article<\/strong><\/li>\n<li><strong>GRANDS PANIERS<\/strong> : suppl\u00e9ment de <strong>120 SGD<\/strong><\/li>\n<li><strong>Droits de douane \u00e0 la charge du client<\/strong><\/li>\n<li><strong>Frais de retour \u00e0 la charge du client<\/strong><\/li>\n<\/ul>\n<p>&nbsp;<\/p>\n<p><strong>Reste du monde<\/strong><\/p>\n<ul>\n<li><strong>Livraison gratuite<\/strong> d\u00e8s <strong>200 \u20ac d\u2019achat<\/strong><\/li>\n<li>En dessous de ce montant : <strong>50 \u20ac par article<\/strong><\/li>\n<li><strong>GRANDS PANIERS<\/strong> : suppl\u00e9ment de <strong>120 \u20ac<\/strong><\/li>\n<li><strong>Droits de douane \u00e0 la charge du client<\/strong><\/li>\n<li><strong>Frais de retour \u00e0 la charge du client<\/strong><\/li>\n<\/ul>\n","protected":false},"excerpt":{"rendered":"<p>\u00a0FRANCE Livraison et retours gratuits Pour les articles sold\u00e9s et en vente sur l&rsquo;OUTLET, les frais de retours sont \u00e0 la charge du client. &nbsp; Royaume-Uni Livraison gratuite d\u00e8s 180 GBP d\u2019achat En dessous de ce montant : 35 GBP par article GRANDS PANIERS : suppl\u00e9ment de 100 GBP Taxes et droits de douane inclus [&hellip;]<\/p>\n","protected":false},"author":1,"featured_media":0,"parent":0,"menu_order":0,"comment_status":"closed","ping_status":"closed","template":"","meta":{"_et_pb_use_builder":"","_et_pb_old_content":"","_et_gb_content_width":"","_monsterinsights_skip_tracking":false,"_monsterinsights_sitenote_active":false,"_monsterinsights_sitenote_note":"","_monsterinsights_sitenote_category":0,"footnotes":""},"class_list":["post-104","page","type-page","status-publish","hentry"],"_links":{"self":[{"href":"https:\/\/www.muun-collection.com\/fr\/wp-json\/wp\/v2\/pages\/104","targetHints":{"allow":["GET"]}}],"collection":[{"href":"https:\/\/www.muun-collection.com\/fr\/wp-json\/wp\/v2\/pages"}],"about":[{"href":"https:\/\/www.muun-collection.com\/fr\/wp-json\/wp\/v2\/types\/page"}],"author":[{"embeddable":true,"href":"https:\/\/www.muun-collection.com\/fr\/wp-json\/wp\/v2\/users\/1"}],"replies":[{"embeddable":true,"href":"https:\/\/www.muun-collection.com\/fr\/wp-json\/wp\/v2\/comments?post=104"}],"version-history":[{"count":0,"href":"https:\/\/www.muun-collection.com\/fr\/wp-json\/wp\/v2\/pages\/104\/revisions"}],"wp:attachment":[{"href":"https:\/\/www.muun-collection.com\/fr\/wp-json\/wp\/v2\/media?parent=104"}],"curies":[{"name":"wp","href":"https:\/\/api.w.org\/{rel}","templated":true}]}}