{"id":32068,"date":"2023-12-18T11:54:08","date_gmt":"2023-12-18T10:54:08","guid":{"rendered":"https:\/\/www.muun-collection.com\/?post_type=product&#038;p=32068"},"modified":"2026-01-28T09:34:57","modified_gmt":"2026-01-28T08:34:57","slug":"kate","status":"publish","type":"product","link":"https:\/\/www.muun-collection.com\/fr\/shop\/ss24\/les-poignees-macrame\/kate\/","title":{"rendered":"KATE"},"content":{"rendered":"<p>. La base du sac est solidement tress\u00e9e en herbe \u00e0 \u00e9l\u00e9phant et n\u00e9cessite 2 \u00e0 3 jours de travail.<br \/>\n. Les poign\u00e9es en macram\u00e9s sont tress\u00e9es \u00e0 la main en gros cordon cir\u00e9 de coton dans notre atelier du Maine et Loire.<br \/>\n. Les pochons int\u00e9rieurs sont confectionn\u00e9s par des personnes en situation de handicap travaillant \u00e0 l\u2019ISTA.<br \/>\nComme les sacs MUU\u00d1 sont tous faits main, chaque objet est unique. Les tressages, les couleurs, la dimension et la forme peuvent varier d&rsquo;une pi\u00e8ce \u00e0 l&rsquo;autre.<\/p>\n","protected":false},"excerpt":{"rendered":"<p>Sac en paille avec poche amovible.<br \/>\nPort\u00e9 main.<br \/>\nFABRIQUE A LA MAIN AU GHANA<\/p>\n","protected":false},"featured_media":46988,"comment_status":"closed","ping_status":"closed","template":"","meta":{"_et_pb_use_builder":"","_et_pb_old_content":"","_et_gb_content_width":"","_monsterinsights_skip_tracking":false,"_monsterinsights_sitenote_active":false,"_monsterinsights_sitenote_note":"","_monsterinsights_sitenote_category":0},"product_brand":[],"product_cat":[1905,1917,1933,1945,1973,1985,1989,2008,1761,1315],"product_tag":[1091],"woo-feed-brand":[],"class_list":{"0":"post-32068","1":"product","2":"type-product","3":"status-publish","4":"has-post-thumbnail","6":"product_cat-sac-en-paille","7":"product_cat-corbeille-en-paille-fr","8":"product_cat-paniere-en-paille","9":"product_cat-sac-ethique","10":"product_cat-paniere-osier","11":"product_cat-panier-raphia","12":"product_cat-corbeille-raphia","13":"product_cat-sac-raphia","14":"product_cat-ss25-fr","15":"product_cat-les-poignees-macrame","16":"product_tag-ss24-fr","18":"first","19":"outofstock","20":"taxable","21":"shipping-taxable","22":"purchasable","23":"product-type-variable","24":"has-default-attributes"},"_links":{"self":[{"href":"https:\/\/www.muun-collection.com\/fr\/wp-json\/wp\/v2\/product\/32068","targetHints":{"allow":["GET"]}}],"collection":[{"href":"https:\/\/www.muun-collection.com\/fr\/wp-json\/wp\/v2\/product"}],"about":[{"href":"https:\/\/www.muun-collection.com\/fr\/wp-json\/wp\/v2\/types\/product"}],"replies":[{"embeddable":true,"href":"https:\/\/www.muun-collection.com\/fr\/wp-json\/wp\/v2\/comments?post=32068"}],"wp:featuredmedia":[{"embeddable":true,"href":"https:\/\/www.muun-collection.com\/fr\/wp-json\/wp\/v2\/media\/46988"}],"wp:attachment":[{"href":"https:\/\/www.muun-collection.com\/fr\/wp-json\/wp\/v2\/media?parent=32068"}],"wp:term":[{"taxonomy":"product_brand","embeddable":true,"href":"https:\/\/www.muun-collection.com\/fr\/wp-json\/wp\/v2\/product_brand?post=32068"},{"taxonomy":"product_cat","embeddable":true,"href":"https:\/\/www.muun-collection.com\/fr\/wp-json\/wp\/v2\/product_cat?post=32068"},{"taxonomy":"product_tag","embeddable":true,"href":"https:\/\/www.muun-collection.com\/fr\/wp-json\/wp\/v2\/product_tag?post=32068"},{"taxonomy":"woo-feed-brand","embeddable":true,"href":"https:\/\/www.muun-collection.com\/fr\/wp-json\/wp\/v2\/woo-feed-brand?post=32068"}],"curies":[{"name":"wp","href":"https:\/\/api.w.org\/{rel}","templated":true}]}}