{"id":32271,"date":"2023-12-18T15:36:13","date_gmt":"2023-12-18T14:36:13","guid":{"rendered":"https:\/\/www.muun-collection.com\/?post_type=product&#038;p=32271"},"modified":"2025-07-15T14:53:33","modified_gmt":"2025-07-15T12:53:33","slug":"charlotte","status":"publish","type":"product","link":"https:\/\/www.muun-collection.com\/fr\/shop\/ss24\/les-poignees-macrame\/charlotte\/","title":{"rendered":"CHARLOTTE"},"content":{"rendered":"<p>. La base du sac est solidement tress\u00e9e en herbe \u00e0 \u00e9l\u00e9phant et n\u00e9cessite 2 \u00e0 3 jours de travail.<br \/>. Les poign\u00e9es en macram\u00e9s sont tress\u00e9es \u00e0 la main en gros cordon cir\u00e9 de coton dans notre atelier du Maine et Loire.<br \/>. Les pochons int\u00e9rieurs sont confectionn\u00e9s par des personnes en situation de handicap travaillant \u00e0 l\u2019ISTA.<br \/>Comme les sacs MUU\u00d1 sont tous faits main, chaque objet est unique. Les tressages, les couleurs, la dimension et la forme peuvent varier d\u2019une pi\u00e8ce \u00e0 l\u2019autre.<\/p>\n","protected":false},"excerpt":{"rendered":"<p>Sac en paille avec poche amovible.<br \/>Port\u00e9 main.<br \/>FABRIQUE A LA MAIN AU GHANA<\/p>\n","protected":false},"featured_media":47231,"comment_status":"closed","ping_status":"closed","template":"","meta":{"_et_pb_use_builder":"","_et_pb_old_content":"","_et_gb_content_width":"","_monsterinsights_skip_tracking":false,"_monsterinsights_sitenote_active":false,"_monsterinsights_sitenote_note":"","_monsterinsights_sitenote_category":0},"product_brand":[],"product_cat":[1905,1761,1315],"product_tag":[1091],"woo-feed-brand":[],"class_list":{"0":"post-32271","1":"product","2":"type-product","3":"status-publish","4":"has-post-thumbnail","6":"product_cat-sac-en-paille","7":"product_cat-ss25-fr","8":"product_cat-les-poignees-macrame","9":"product_tag-ss24-fr","11":"first","12":"outofstock","13":"taxable","14":"shipping-taxable","15":"purchasable","16":"product-type-variable","17":"has-default-attributes"},"_links":{"self":[{"href":"https:\/\/www.muun-collection.com\/fr\/wp-json\/wp\/v2\/product\/32271","targetHints":{"allow":["GET"]}}],"collection":[{"href":"https:\/\/www.muun-collection.com\/fr\/wp-json\/wp\/v2\/product"}],"about":[{"href":"https:\/\/www.muun-collection.com\/fr\/wp-json\/wp\/v2\/types\/product"}],"replies":[{"embeddable":true,"href":"https:\/\/www.muun-collection.com\/fr\/wp-json\/wp\/v2\/comments?post=32271"}],"wp:featuredmedia":[{"embeddable":true,"href":"https:\/\/www.muun-collection.com\/fr\/wp-json\/wp\/v2\/media\/47231"}],"wp:attachment":[{"href":"https:\/\/www.muun-collection.com\/fr\/wp-json\/wp\/v2\/media?parent=32271"}],"wp:term":[{"taxonomy":"product_brand","embeddable":true,"href":"https:\/\/www.muun-collection.com\/fr\/wp-json\/wp\/v2\/product_brand?post=32271"},{"taxonomy":"product_cat","embeddable":true,"href":"https:\/\/www.muun-collection.com\/fr\/wp-json\/wp\/v2\/product_cat?post=32271"},{"taxonomy":"product_tag","embeddable":true,"href":"https:\/\/www.muun-collection.com\/fr\/wp-json\/wp\/v2\/product_tag?post=32271"},{"taxonomy":"woo-feed-brand","embeddable":true,"href":"https:\/\/www.muun-collection.com\/fr\/wp-json\/wp\/v2\/woo-feed-brand?post=32271"}],"curies":[{"name":"wp","href":"https:\/\/api.w.org\/{rel}","templated":true}]}}