{"id":3310,"date":"2019-05-14T12:28:10","date_gmt":"2019-05-14T10:28:10","guid":{"rendered":"https:\/\/www.muun-collection.com\/?post_type=product&#038;p=3310"},"modified":"2024-02-19T15:48:09","modified_gmt":"2024-02-19T14:48:09","slug":"bili-m-stripe","status":"publish","type":"product","link":"https:\/\/www.muun-collection.com\/fr\/shop\/panier-raphia\/bili-m-stripe\/","title":{"rendered":"BILI M &#8211; STRIPE"},"content":{"rendered":"<p>. La base du sac est solidement tress\u00e9e en herbe \u00e0 \u00e9l\u00e9phant et n\u00e9cessite 2 \u00e0 3 jours de travail.<br \/>\n. Ce sac est fini et assembl\u00e9 dans notre atelier du Maine et Loire.<br \/>\nComme les sacs MUU\u00d1 sont tous faits main, chaque objet est unique. Les tressages, les couleurs, la dimension et la forme peuvent varier d&rsquo;un pi\u00e8ce \u00e0 l&rsquo;autre.<\/p>\n","protected":false},"excerpt":{"rendered":"<p>Panier en paille.<br \/>\nFABRIQUE A LA MAIN AU GHANA<\/p>\n","protected":false},"featured_media":3194,"comment_status":"closed","ping_status":"closed","template":"","meta":{"_et_pb_use_builder":"","_et_pb_old_content":"","_et_gb_content_width":"","_monsterinsights_skip_tracking":false,"_monsterinsights_sitenote_active":false,"_monsterinsights_sitenote_note":"","_monsterinsights_sitenote_category":0},"product_brand":[],"product_cat":[1985,1917,1989,1925,1993,1929,1933,1945,1949,1953,1957,1961,1973,1913,317],"product_tag":[225],"woo-feed-brand":[],"class_list":{"0":"post-3310","1":"product","2":"type-product","3":"status-publish","4":"has-post-thumbnail","6":"product_cat-panier-raphia","7":"product_cat-corbeille-en-paille-fr","8":"product_cat-corbeille-raphia","9":"product_cat-tiroir-en-paille","10":"product_cat-boite-en-raphia","11":"product_cat-boite-en-paille","12":"product_cat-paniere-en-paille","13":"product_cat-sac-ethique","14":"product_cat-tiroir-en-osier","15":"product_cat-corbeille-osier","16":"product_cat-panier-osier","17":"product_cat-boite-osier","18":"product_cat-paniere-osier","19":"product_cat-corbeille-en-paille","20":"product_cat-maison","21":"product_tag-deco","23":"first","24":"instock","25":"taxable","26":"shipping-taxable","27":"purchasable","28":"product-type-variable"},"_links":{"self":[{"href":"https:\/\/www.muun-collection.com\/fr\/wp-json\/wp\/v2\/product\/3310","targetHints":{"allow":["GET"]}}],"collection":[{"href":"https:\/\/www.muun-collection.com\/fr\/wp-json\/wp\/v2\/product"}],"about":[{"href":"https:\/\/www.muun-collection.com\/fr\/wp-json\/wp\/v2\/types\/product"}],"replies":[{"embeddable":true,"href":"https:\/\/www.muun-collection.com\/fr\/wp-json\/wp\/v2\/comments?post=3310"}],"wp:featuredmedia":[{"embeddable":true,"href":"https:\/\/www.muun-collection.com\/fr\/wp-json\/wp\/v2\/media\/3194"}],"wp:attachment":[{"href":"https:\/\/www.muun-collection.com\/fr\/wp-json\/wp\/v2\/media?parent=3310"}],"wp:term":[{"taxonomy":"product_brand","embeddable":true,"href":"https:\/\/www.muun-collection.com\/fr\/wp-json\/wp\/v2\/product_brand?post=3310"},{"taxonomy":"product_cat","embeddable":true,"href":"https:\/\/www.muun-collection.com\/fr\/wp-json\/wp\/v2\/product_cat?post=3310"},{"taxonomy":"product_tag","embeddable":true,"href":"https:\/\/www.muun-collection.com\/fr\/wp-json\/wp\/v2\/product_tag?post=3310"},{"taxonomy":"woo-feed-brand","embeddable":true,"href":"https:\/\/www.muun-collection.com\/fr\/wp-json\/wp\/v2\/woo-feed-brand?post=3310"}],"curies":[{"name":"wp","href":"https:\/\/api.w.org\/{rel}","templated":true}]}}