{"id":35174,"date":"2024-02-06T14:37:27","date_gmt":"2024-02-06T13:37:27","guid":{"rendered":"https:\/\/www.muun-collection.com\/?post_type=product&#038;p=35174"},"modified":"2025-06-01T21:29:07","modified_gmt":"2025-06-01T19:29:07","slug":"mini-george-lin","status":"publish","type":"product","link":"https:\/\/www.muun-collection.com\/fr\/shop\/ss24\/les-george-net\/mini-george-lin\/","title":{"rendered":"MINI GEORGE \/ LIN"},"content":{"rendered":"<p>. La base du sac est solidement tress\u00e9e en herbe \u00e0 \u00e9l\u00e9phant et n\u00e9cessite 2 \u00e0 3 jours de travail.<br \/>\n. Ce sac est fini et assembl\u00e9 dans notre atelier du Maine et Loire.<br \/>\n. Les pochons int\u00e9rieurs sont confectionn\u00e9s par des personnes en situation de handicap travaillant \u00e0 l\u2019ISTA.<br \/>\nComme les sacs MUU\u00d1 sont tous faits main, chaque objet est unique. Les tressages, les couleurs, la dimension et la forme peuvent varier d&rsquo;une pi\u00e8ce \u00e0 l&rsquo;autre.<\/p>\n","protected":false},"excerpt":{"rendered":"<p>Sac en paille avec poche amovible.<br \/>\nPort\u00e9 main et \u00e9paule.<br \/>\nFABRIQUE A LA MAIN AU GHANA<\/p>\n","protected":false},"featured_media":35082,"comment_status":"closed","ping_status":"closed","template":"","meta":{"_et_pb_use_builder":"","_et_pb_old_content":"","_et_gb_content_width":"","_monsterinsights_skip_tracking":false,"_monsterinsights_sitenote_active":false,"_monsterinsights_sitenote_note":"","_monsterinsights_sitenote_category":0},"product_brand":[],"product_cat":[1321,1402],"product_tag":[1091],"woo-feed-brand":[],"class_list":{"0":"post-35174","1":"product","2":"type-product","3":"status-publish","4":"has-post-thumbnail","6":"product_cat-les-george-net","7":"product_cat-les-dotes-de-poche-en-lin","8":"product_tag-ss24-fr","10":"first","11":"instock","12":"taxable","13":"shipping-taxable","14":"purchasable","15":"product-type-variable","16":"has-default-attributes"},"_links":{"self":[{"href":"https:\/\/www.muun-collection.com\/fr\/wp-json\/wp\/v2\/product\/35174","targetHints":{"allow":["GET"]}}],"collection":[{"href":"https:\/\/www.muun-collection.com\/fr\/wp-json\/wp\/v2\/product"}],"about":[{"href":"https:\/\/www.muun-collection.com\/fr\/wp-json\/wp\/v2\/types\/product"}],"replies":[{"embeddable":true,"href":"https:\/\/www.muun-collection.com\/fr\/wp-json\/wp\/v2\/comments?post=35174"}],"wp:featuredmedia":[{"embeddable":true,"href":"https:\/\/www.muun-collection.com\/fr\/wp-json\/wp\/v2\/media\/35082"}],"wp:attachment":[{"href":"https:\/\/www.muun-collection.com\/fr\/wp-json\/wp\/v2\/media?parent=35174"}],"wp:term":[{"taxonomy":"product_brand","embeddable":true,"href":"https:\/\/www.muun-collection.com\/fr\/wp-json\/wp\/v2\/product_brand?post=35174"},{"taxonomy":"product_cat","embeddable":true,"href":"https:\/\/www.muun-collection.com\/fr\/wp-json\/wp\/v2\/product_cat?post=35174"},{"taxonomy":"product_tag","embeddable":true,"href":"https:\/\/www.muun-collection.com\/fr\/wp-json\/wp\/v2\/product_tag?post=35174"},{"taxonomy":"woo-feed-brand","embeddable":true,"href":"https:\/\/www.muun-collection.com\/fr\/wp-json\/wp\/v2\/woo-feed-brand?post=35174"}],"curies":[{"name":"wp","href":"https:\/\/api.w.org\/{rel}","templated":true}]}}