{"id":4532,"date":"2020-03-03T15:43:49","date_gmt":"2020-03-03T14:43:49","guid":{"rendered":"https:\/\/www.muun-collection.com\/?post_type=product&#038;p=4532"},"modified":"2024-02-19T15:41:15","modified_gmt":"2024-02-19T14:41:15","slug":"muun-x-ombre-claire-jarre","status":"publish","type":"product","link":"https:\/\/www.muun-collection.com\/fr\/shop\/corbeille-osier\/muun-x-ombre-claire-jarre\/","title":{"rendered":"MUU\u00d1 x OMBRE CLAIRE &#8211; JARRE"},"content":{"rendered":"<p>. La base du panier est solidement tress\u00e9e en herbe \u00e0 \u00e9l\u00e9phant et n\u00e9cessite 2 \u00e0 3 jours de travail.<br \/>\nComme les paniers MUU\u00d1 sont tous faits main, chaque objet est unique. Les tressages, les couleurs, la dimension et la forme peuvent varier d&rsquo;une pi\u00e8ce \u00e0 l&rsquo;autre.<\/p>\n","protected":false},"excerpt":{"rendered":"<p>Panier en paille.<br \/>\nFABRIQUE A LA MAIN AU GHANA<\/p>\n<p>En collaboration avec <strong><a href=\"https:\/\/ombreclaire.com\/fr\/\">OMBRE CLAIRE<\/a><\/strong><\/p>\n","protected":false},"featured_media":32240,"comment_status":"closed","ping_status":"closed","template":"","meta":{"_et_pb_use_builder":"","_et_pb_old_content":"","_et_gb_content_width":"","_monsterinsights_skip_tracking":false,"_monsterinsights_sitenote_active":false,"_monsterinsights_sitenote_note":"","_monsterinsights_sitenote_category":0},"product_brand":[],"product_cat":[1953,1957,1961,1973,1913,1985,1917,1989,1925,1993,1929,1933,1945,1949,317],"product_tag":[270,225],"woo-feed-brand":[],"class_list":{"0":"post-4532","1":"product","2":"type-product","3":"status-publish","4":"has-post-thumbnail","6":"product_cat-corbeille-osier","7":"product_cat-panier-osier","8":"product_cat-boite-osier","9":"product_cat-paniere-osier","10":"product_cat-corbeille-en-paille","11":"product_cat-panier-raphia","12":"product_cat-corbeille-en-paille-fr","13":"product_cat-corbeille-raphia","14":"product_cat-tiroir-en-paille","15":"product_cat-boite-en-raphia","16":"product_cat-boite-en-paille","17":"product_cat-paniere-en-paille","18":"product_cat-sac-ethique","19":"product_cat-tiroir-en-osier","20":"product_cat-maison","21":"product_tag-muun-x-ombre-claire-fr","22":"product_tag-deco","23":"product_shipping_class-grands-paniers","25":"first","26":"outofstock","27":"taxable","28":"shipping-taxable","29":"purchasable","30":"product-type-variable"},"_links":{"self":[{"href":"https:\/\/www.muun-collection.com\/fr\/wp-json\/wp\/v2\/product\/4532","targetHints":{"allow":["GET"]}}],"collection":[{"href":"https:\/\/www.muun-collection.com\/fr\/wp-json\/wp\/v2\/product"}],"about":[{"href":"https:\/\/www.muun-collection.com\/fr\/wp-json\/wp\/v2\/types\/product"}],"replies":[{"embeddable":true,"href":"https:\/\/www.muun-collection.com\/fr\/wp-json\/wp\/v2\/comments?post=4532"}],"wp:featuredmedia":[{"embeddable":true,"href":"https:\/\/www.muun-collection.com\/fr\/wp-json\/wp\/v2\/media\/32240"}],"wp:attachment":[{"href":"https:\/\/www.muun-collection.com\/fr\/wp-json\/wp\/v2\/media?parent=4532"}],"wp:term":[{"taxonomy":"product_brand","embeddable":true,"href":"https:\/\/www.muun-collection.com\/fr\/wp-json\/wp\/v2\/product_brand?post=4532"},{"taxonomy":"product_cat","embeddable":true,"href":"https:\/\/www.muun-collection.com\/fr\/wp-json\/wp\/v2\/product_cat?post=4532"},{"taxonomy":"product_tag","embeddable":true,"href":"https:\/\/www.muun-collection.com\/fr\/wp-json\/wp\/v2\/product_tag?post=4532"},{"taxonomy":"woo-feed-brand","embeddable":true,"href":"https:\/\/www.muun-collection.com\/fr\/wp-json\/wp\/v2\/woo-feed-brand?post=4532"}],"curies":[{"name":"wp","href":"https:\/\/api.w.org\/{rel}","templated":true}]}}