{"id":45333,"date":"2024-11-05T12:37:28","date_gmt":"2024-11-05T11:37:28","guid":{"rendered":"https:\/\/www.muun-collection.com\/?post_type=product&#038;p=45333"},"modified":"2025-12-19T10:57:20","modified_gmt":"2025-12-19T09:57:20","slug":"panier-bear-g","status":"publish","type":"product","link":"https:\/\/www.muun-collection.com\/fr\/shop\/sacs-hiver\/panier-bear-g\/","title":{"rendered":"PANIER BEAR G"},"content":{"rendered":"<p>. Le tissu provient du fabricant Steiffe Schulte. C&#8217;est une fausse fourrure en poils de mohair tiss\u00e9s sur une trame de coton.<br \/>. Le cuir est issu du tannage v\u00e9g\u00e9tal qui conf\u00e8re \u00e0 cette mati\u00e8re un grain unique et une douce patine avec le temps.<br \/>. Le sac est confectionn\u00e9 par des personnes en situation de handicap travaillant \u00e0 l&#8217;ISTA.<\/p>\n","protected":false},"excerpt":{"rendered":"<p>Sac en fausse fourrure.<br \/>Port\u00e9 main et \u00e9paule.<br \/>FABRIQUE EN FRANCE.<\/p>\n","protected":false},"featured_media":45943,"comment_status":"closed","ping_status":"closed","template":"","meta":{"_et_pb_use_builder":"","_et_pb_old_content":"","_et_gb_content_width":"","_monsterinsights_skip_tracking":false,"_monsterinsights_sitenote_active":false,"_monsterinsights_sitenote_note":"","_monsterinsights_sitenote_category":0},"product_brand":[],"product_cat":[564],"product_tag":[],"woo-feed-brand":[],"class_list":{"0":"post-45333","1":"product","2":"type-product","3":"status-publish","4":"has-post-thumbnail","6":"product_cat-sacs-hiver","8":"first","9":"instock","10":"taxable","11":"shipping-taxable","12":"purchasable","13":"product-type-variable","14":"has-default-attributes"},"_links":{"self":[{"href":"https:\/\/www.muun-collection.com\/fr\/wp-json\/wp\/v2\/product\/45333","targetHints":{"allow":["GET"]}}],"collection":[{"href":"https:\/\/www.muun-collection.com\/fr\/wp-json\/wp\/v2\/product"}],"about":[{"href":"https:\/\/www.muun-collection.com\/fr\/wp-json\/wp\/v2\/types\/product"}],"replies":[{"embeddable":true,"href":"https:\/\/www.muun-collection.com\/fr\/wp-json\/wp\/v2\/comments?post=45333"}],"wp:featuredmedia":[{"embeddable":true,"href":"https:\/\/www.muun-collection.com\/fr\/wp-json\/wp\/v2\/media\/45943"}],"wp:attachment":[{"href":"https:\/\/www.muun-collection.com\/fr\/wp-json\/wp\/v2\/media?parent=45333"}],"wp:term":[{"taxonomy":"product_brand","embeddable":true,"href":"https:\/\/www.muun-collection.com\/fr\/wp-json\/wp\/v2\/product_brand?post=45333"},{"taxonomy":"product_cat","embeddable":true,"href":"https:\/\/www.muun-collection.com\/fr\/wp-json\/wp\/v2\/product_cat?post=45333"},{"taxonomy":"product_tag","embeddable":true,"href":"https:\/\/www.muun-collection.com\/fr\/wp-json\/wp\/v2\/product_tag?post=45333"},{"taxonomy":"woo-feed-brand","embeddable":true,"href":"https:\/\/www.muun-collection.com\/fr\/wp-json\/wp\/v2\/woo-feed-brand?post=45333"}],"curies":[{"name":"wp","href":"https:\/\/api.w.org\/{rel}","templated":true}]}}