{"id":45450,"date":"2024-11-08T10:01:14","date_gmt":"2024-11-08T09:01:14","guid":{"rendered":"https:\/\/www.muun-collection.com\/?post_type=product&#038;p=45450"},"modified":"2025-12-19T10:57:18","modified_gmt":"2025-12-19T09:57:18","slug":"iki-caro","status":"publish","type":"product","link":"https:\/\/www.muun-collection.com\/fr\/shop\/sacs-hiver\/iki-caro\/","title":{"rendered":"IKI CARO"},"content":{"rendered":"<p>. Ce sac est fabriqu\u00e9 avec un tissu \u00e9cossais Mohair\/Laine fabriqu\u00e9 par Laurent Garigue en Angleterre .<br \/>. Le cuir est issu du tannage v\u00e9g\u00e9tal qui conf\u00e8re \u00e0 cette mati\u00e8re un grain unique et une douce patine avec le temps.<br \/>. Ce sac est confectionn\u00e9 par des personnes en situation de handicap travaillant \u00e0 l&rsquo;ISTA.<\/p>\n","protected":false},"excerpt":{"rendered":"<p>Sac en tissu.<br \/>Port\u00e9 main et \u00e9paule.<br \/>FABRIQUE EN FRANCE.<\/p>\n","protected":false},"featured_media":45949,"comment_status":"closed","ping_status":"closed","template":"","meta":{"_et_pb_use_builder":"","_et_pb_old_content":"","_et_gb_content_width":"","_monsterinsights_skip_tracking":false,"_monsterinsights_sitenote_active":false,"_monsterinsights_sitenote_note":"","_monsterinsights_sitenote_category":0},"product_brand":[],"product_cat":[564,361],"product_tag":[],"woo-feed-brand":[],"class_list":{"0":"post-45450","1":"product","2":"type-product","3":"status-publish","4":"has-post-thumbnail","6":"product_cat-sacs-hiver","7":"product_cat-outlet-fr","9":"first","10":"instock","11":"taxable","12":"shipping-taxable","13":"purchasable","14":"product-type-variable","15":"has-default-attributes"},"_links":{"self":[{"href":"https:\/\/www.muun-collection.com\/fr\/wp-json\/wp\/v2\/product\/45450","targetHints":{"allow":["GET"]}}],"collection":[{"href":"https:\/\/www.muun-collection.com\/fr\/wp-json\/wp\/v2\/product"}],"about":[{"href":"https:\/\/www.muun-collection.com\/fr\/wp-json\/wp\/v2\/types\/product"}],"replies":[{"embeddable":true,"href":"https:\/\/www.muun-collection.com\/fr\/wp-json\/wp\/v2\/comments?post=45450"}],"wp:featuredmedia":[{"embeddable":true,"href":"https:\/\/www.muun-collection.com\/fr\/wp-json\/wp\/v2\/media\/45949"}],"wp:attachment":[{"href":"https:\/\/www.muun-collection.com\/fr\/wp-json\/wp\/v2\/media?parent=45450"}],"wp:term":[{"taxonomy":"product_brand","embeddable":true,"href":"https:\/\/www.muun-collection.com\/fr\/wp-json\/wp\/v2\/product_brand?post=45450"},{"taxonomy":"product_cat","embeddable":true,"href":"https:\/\/www.muun-collection.com\/fr\/wp-json\/wp\/v2\/product_cat?post=45450"},{"taxonomy":"product_tag","embeddable":true,"href":"https:\/\/www.muun-collection.com\/fr\/wp-json\/wp\/v2\/product_tag?post=45450"},{"taxonomy":"woo-feed-brand","embeddable":true,"href":"https:\/\/www.muun-collection.com\/fr\/wp-json\/wp\/v2\/woo-feed-brand?post=45450"}],"curies":[{"name":"wp","href":"https:\/\/api.w.org\/{rel}","templated":true}]}}