{"id":4900,"date":"2020-04-28T14:53:29","date_gmt":"2020-04-28T12:53:30","guid":{"rendered":"https:\/\/www.muun-collection.com\/?post_type=product&#038;p=4900"},"modified":"2021-09-09T14:42:18","modified_gmt":"2021-09-09T12:42:18","slug":"sirius-orange-orange-coton-oz-ss20","status":"publish","type":"product","link":"https:\/\/www.muun-collection.com\/fr\/shop\/straw-bags\/sirius-orange-orange-coton-oz-ss20\/","title":{"rendered":"SIRIUS &#8211; Orange &#8211; Orange Coton OZ SS20"},"content":{"rendered":"<p>. La base du sac est solidement tress\u00e9e en herbe \u00e0 \u00e9l\u00e9phant et n\u00e9cessite 2 \u00e0 3 jours de travail.<br \/>. Ce sac est fini et assembl\u00e9 dans notre atelier du Maine et Loire.<br \/>. Les pochons int\u00e9rieurs sont confectionn\u00e9s par des personnes en situation de handicap travaillant \u00e0 l\u2019ISTA.<br \/>Comme les sacs MUU\u00d1 sont tous faits main, chaque objet est unique. Leurs dimensions et leurs formes peuvent varier.<\/p>\n","protected":false},"excerpt":{"rendered":"<p>Sac en paille avec poche amovible.<br \/>Port\u00e9 main et \u00e9paule.<br \/>FABRIQUE A LA MAIN AU GHANA<\/p>\n","protected":false},"featured_media":0,"comment_status":"closed","ping_status":"closed","template":"","meta":{"_et_pb_use_builder":"","_et_pb_old_content":"","_et_gb_content_width":"","_monsterinsights_skip_tracking":false,"_monsterinsights_sitenote_active":false,"_monsterinsights_sitenote_note":"","_monsterinsights_sitenote_category":0},"product_brand":[],"product_cat":[312],"product_tag":[],"woo-feed-brand":[],"class_list":{"0":"post-4900","1":"product","2":"type-product","3":"status-publish","5":"product_cat-straw-bags","7":"first","8":"outofstock","9":"sale","10":"taxable","11":"shipping-taxable","12":"purchasable","13":"product-type-simple"},"_links":{"self":[{"href":"https:\/\/www.muun-collection.com\/fr\/wp-json\/wp\/v2\/product\/4900","targetHints":{"allow":["GET"]}}],"collection":[{"href":"https:\/\/www.muun-collection.com\/fr\/wp-json\/wp\/v2\/product"}],"about":[{"href":"https:\/\/www.muun-collection.com\/fr\/wp-json\/wp\/v2\/types\/product"}],"replies":[{"embeddable":true,"href":"https:\/\/www.muun-collection.com\/fr\/wp-json\/wp\/v2\/comments?post=4900"}],"wp:attachment":[{"href":"https:\/\/www.muun-collection.com\/fr\/wp-json\/wp\/v2\/media?parent=4900"}],"wp:term":[{"taxonomy":"product_brand","embeddable":true,"href":"https:\/\/www.muun-collection.com\/fr\/wp-json\/wp\/v2\/product_brand?post=4900"},{"taxonomy":"product_cat","embeddable":true,"href":"https:\/\/www.muun-collection.com\/fr\/wp-json\/wp\/v2\/product_cat?post=4900"},{"taxonomy":"product_tag","embeddable":true,"href":"https:\/\/www.muun-collection.com\/fr\/wp-json\/wp\/v2\/product_tag?post=4900"},{"taxonomy":"woo-feed-brand","embeddable":true,"href":"https:\/\/www.muun-collection.com\/fr\/wp-json\/wp\/v2\/woo-feed-brand?post=4900"}],"curies":[{"name":"wp","href":"https:\/\/api.w.org\/{rel}","templated":true}]}}