{"id":51684,"date":"2025-10-28T12:58:14","date_gmt":"2025-10-28T11:58:14","guid":{"rendered":"https:\/\/www.muun-collection.com\/?post_type=product&#038;p=51684"},"modified":"2026-04-07T18:57:17","modified_gmt":"2026-04-07T16:57:17","slug":"aurora-check","status":"publish","type":"product","link":"https:\/\/www.muun-collection.com\/fr\/shop\/sacs-hiver-2025\/aurora-check\/","title":{"rendered":"AURORA CHECK"},"content":{"rendered":"<p>. Ce sac est fabriqu\u00e9 avec un tissu Mohair\/Laine fabriqu\u00e9 par Laurent Garigue en Angleterre .<br \/>\n. Ce sac est confectionn\u00e9 par des personnes en situation de handicap travaillant \u00e0 l&#8217;ISTA.<br \/>\n. Le cuir est issu du tannage v\u00e9g\u00e9tal qui conf\u00e8re \u00e0 cette mati\u00e8re un grain unique et une douce patine avec le temps.<br \/>\n. Le sac est fini dans notre atelier situ\u00e9 dans le Maine-et-Loire, en France.<\/p>\n","protected":false},"excerpt":{"rendered":"<p>Sac en tissu.<br \/>\nPort\u00e9 \u00e9paule.<br \/>\nFABRIQUE EN FRANCE.<\/p>\n","protected":false},"featured_media":51702,"comment_status":"closed","ping_status":"closed","template":"","meta":{"_et_pb_use_builder":"","_et_pb_old_content":"","_et_gb_content_width":"","_monsterinsights_skip_tracking":false,"_monsterinsights_sitenote_active":false,"_monsterinsights_sitenote_note":"","_monsterinsights_sitenote_category":0},"product_brand":[],"product_cat":[2021],"product_tag":[],"woo-feed-brand":[],"class_list":{"0":"post-51684","1":"product","2":"type-product","3":"status-publish","4":"has-post-thumbnail","6":"product_cat-sacs-hiver-2025","8":"first","9":"instock","10":"taxable","11":"shipping-taxable","12":"purchasable","13":"product-type-variable","14":"has-default-attributes"},"_links":{"self":[{"href":"https:\/\/www.muun-collection.com\/fr\/wp-json\/wp\/v2\/product\/51684","targetHints":{"allow":["GET"]}}],"collection":[{"href":"https:\/\/www.muun-collection.com\/fr\/wp-json\/wp\/v2\/product"}],"about":[{"href":"https:\/\/www.muun-collection.com\/fr\/wp-json\/wp\/v2\/types\/product"}],"replies":[{"embeddable":true,"href":"https:\/\/www.muun-collection.com\/fr\/wp-json\/wp\/v2\/comments?post=51684"}],"wp:featuredmedia":[{"embeddable":true,"href":"https:\/\/www.muun-collection.com\/fr\/wp-json\/wp\/v2\/media\/51702"}],"wp:attachment":[{"href":"https:\/\/www.muun-collection.com\/fr\/wp-json\/wp\/v2\/media?parent=51684"}],"wp:term":[{"taxonomy":"product_brand","embeddable":true,"href":"https:\/\/www.muun-collection.com\/fr\/wp-json\/wp\/v2\/product_brand?post=51684"},{"taxonomy":"product_cat","embeddable":true,"href":"https:\/\/www.muun-collection.com\/fr\/wp-json\/wp\/v2\/product_cat?post=51684"},{"taxonomy":"product_tag","embeddable":true,"href":"https:\/\/www.muun-collection.com\/fr\/wp-json\/wp\/v2\/product_tag?post=51684"},{"taxonomy":"woo-feed-brand","embeddable":true,"href":"https:\/\/www.muun-collection.com\/fr\/wp-json\/wp\/v2\/woo-feed-brand?post=51684"}],"curies":[{"name":"wp","href":"https:\/\/api.w.org\/{rel}","templated":true}]}}