{"id":51893,"date":"2025-10-29T14:46:31","date_gmt":"2025-10-29T13:46:31","guid":{"rendered":"https:\/\/www.muun-collection.com\/?post_type=product&#038;p=51893"},"modified":"2025-10-29T15:04:02","modified_gmt":"2025-10-29T14:04:02","slug":"orbi-felt","status":"publish","type":"product","link":"https:\/\/www.muun-collection.com\/fr\/shop\/sacs-hiver-2025\/orbi-felt\/","title":{"rendered":"ORBI FELT"},"content":{"rendered":"<p>. Feutre fabriqu\u00e9 \u00e0 partir de PET 100% recycl\u00e9.<br \/>\n. Ce sac est confectionn\u00e9 par des personnes en situation de handicap travaillant \u00e0 l&#8217;ISTA.<br \/>\n. Ce sac est fini et assembl\u00e9 dans notre atelier du Maine et Loire.<\/p>\n","protected":false},"excerpt":{"rendered":"<p>Sac avec poche amovible.<br \/>\nPort\u00e9 main.<br \/>\nFABRIQUE EN FRANCE<\/p>\n","protected":false},"featured_media":51919,"comment_status":"closed","ping_status":"closed","template":"","meta":{"_et_pb_use_builder":"","_et_pb_old_content":"","_et_gb_content_width":"","_monsterinsights_skip_tracking":false,"_monsterinsights_sitenote_active":false,"_monsterinsights_sitenote_note":"","_monsterinsights_sitenote_category":0},"product_brand":[],"product_cat":[2021],"product_tag":[],"woo-feed-brand":[],"class_list":{"0":"post-51893","1":"product","2":"type-product","3":"status-publish","4":"has-post-thumbnail","6":"product_cat-sacs-hiver-2025","8":"first","9":"instock","10":"taxable","11":"shipping-taxable","12":"purchasable","13":"product-type-variable","14":"has-default-attributes"},"_links":{"self":[{"href":"https:\/\/www.muun-collection.com\/fr\/wp-json\/wp\/v2\/product\/51893","targetHints":{"allow":["GET"]}}],"collection":[{"href":"https:\/\/www.muun-collection.com\/fr\/wp-json\/wp\/v2\/product"}],"about":[{"href":"https:\/\/www.muun-collection.com\/fr\/wp-json\/wp\/v2\/types\/product"}],"replies":[{"embeddable":true,"href":"https:\/\/www.muun-collection.com\/fr\/wp-json\/wp\/v2\/comments?post=51893"}],"wp:featuredmedia":[{"embeddable":true,"href":"https:\/\/www.muun-collection.com\/fr\/wp-json\/wp\/v2\/media\/51919"}],"wp:attachment":[{"href":"https:\/\/www.muun-collection.com\/fr\/wp-json\/wp\/v2\/media?parent=51893"}],"wp:term":[{"taxonomy":"product_brand","embeddable":true,"href":"https:\/\/www.muun-collection.com\/fr\/wp-json\/wp\/v2\/product_brand?post=51893"},{"taxonomy":"product_cat","embeddable":true,"href":"https:\/\/www.muun-collection.com\/fr\/wp-json\/wp\/v2\/product_cat?post=51893"},{"taxonomy":"product_tag","embeddable":true,"href":"https:\/\/www.muun-collection.com\/fr\/wp-json\/wp\/v2\/product_tag?post=51893"},{"taxonomy":"woo-feed-brand","embeddable":true,"href":"https:\/\/www.muun-collection.com\/fr\/wp-json\/wp\/v2\/woo-feed-brand?post=51893"}],"curies":[{"name":"wp","href":"https:\/\/api.w.org\/{rel}","templated":true}]}}