{"id":52035,"date":"2025-10-30T15:01:53","date_gmt":"2025-10-30T14:01:53","guid":{"rendered":"https:\/\/www.muun-collection.com\/?post_type=product&#038;p=52035"},"modified":"2025-11-14T12:25:51","modified_gmt":"2025-11-14T11:25:51","slug":"lehti-tweed","status":"publish","type":"product","link":"https:\/\/www.muun-collection.com\/fr\/shop\/sacs-hiver-2025\/lehti-tweed\/","title":{"rendered":"LEHTI TWEED"},"content":{"rendered":"<p>. Ce sac est fabriqu\u00e9 avec un tissu Mohair\/Laine fabriqu\u00e9 par Samuel Tweed en Angleterre .<br \/>. Ce sac est confectionn\u00e9 par des personnes en situation de handicap travaillant \u00e0 l&#8217;ISTA.<br \/> . Les poign\u00e9es en macram\u00e9 et les finitions sont r\u00e9alis\u00e9es dans notre atelier situ\u00e9 dans le Maine-et-Loire, en France. <\/p>\n","protected":false},"excerpt":{"rendered":"<p>Sac en tissu.<br \/>Port\u00e9 main et \u00e9paule.<br \/>FABRIQUE EN FRANCE.<\/p>\n","protected":false},"featured_media":52047,"comment_status":"closed","ping_status":"closed","template":"","meta":{"_et_pb_use_builder":"","_et_pb_old_content":"","_et_gb_content_width":"","_monsterinsights_skip_tracking":false,"_monsterinsights_sitenote_active":false,"_monsterinsights_sitenote_note":"","_monsterinsights_sitenote_category":0},"product_brand":[],"product_cat":[2021],"product_tag":[],"woo-feed-brand":[],"class_list":{"0":"post-52035","1":"product","2":"type-product","3":"status-publish","4":"has-post-thumbnail","6":"product_cat-sacs-hiver-2025","8":"first","9":"instock","10":"taxable","11":"shipping-taxable","12":"purchasable","13":"product-type-variable","14":"has-default-attributes"},"_links":{"self":[{"href":"https:\/\/www.muun-collection.com\/fr\/wp-json\/wp\/v2\/product\/52035","targetHints":{"allow":["GET"]}}],"collection":[{"href":"https:\/\/www.muun-collection.com\/fr\/wp-json\/wp\/v2\/product"}],"about":[{"href":"https:\/\/www.muun-collection.com\/fr\/wp-json\/wp\/v2\/types\/product"}],"replies":[{"embeddable":true,"href":"https:\/\/www.muun-collection.com\/fr\/wp-json\/wp\/v2\/comments?post=52035"}],"wp:featuredmedia":[{"embeddable":true,"href":"https:\/\/www.muun-collection.com\/fr\/wp-json\/wp\/v2\/media\/52047"}],"wp:attachment":[{"href":"https:\/\/www.muun-collection.com\/fr\/wp-json\/wp\/v2\/media?parent=52035"}],"wp:term":[{"taxonomy":"product_brand","embeddable":true,"href":"https:\/\/www.muun-collection.com\/fr\/wp-json\/wp\/v2\/product_brand?post=52035"},{"taxonomy":"product_cat","embeddable":true,"href":"https:\/\/www.muun-collection.com\/fr\/wp-json\/wp\/v2\/product_cat?post=52035"},{"taxonomy":"product_tag","embeddable":true,"href":"https:\/\/www.muun-collection.com\/fr\/wp-json\/wp\/v2\/product_tag?post=52035"},{"taxonomy":"woo-feed-brand","embeddable":true,"href":"https:\/\/www.muun-collection.com\/fr\/wp-json\/wp\/v2\/woo-feed-brand?post=52035"}],"curies":[{"name":"wp","href":"https:\/\/api.w.org\/{rel}","templated":true}]}}