{"id":52221,"date":"2025-10-31T12:26:45","date_gmt":"2025-10-31T11:26:45","guid":{"rendered":"https:\/\/www.muun-collection.com\/?post_type=product&#038;p=52221"},"modified":"2025-10-31T12:43:22","modified_gmt":"2025-10-31T11:43:22","slug":"mini-lumi-curly","status":"publish","type":"product","link":"https:\/\/www.muun-collection.com\/fr\/shop\/sacs-hiver-2025\/mini-lumi-curly\/","title":{"rendered":"MINI LUMI CURLY"},"content":{"rendered":"<p>. Ce sac est fabriqu\u00e9 avec un tissu \u00e9cossais Mohair\/Laine fabriqu\u00e9 par Laurent Garigue en Angleterre .<br \/>. Ce sac est confectionn\u00e9 par des personnes en situation de handicap travaillant \u00e0 l&#8217;ISTA.<br \/> . Les poign\u00e9es en macram\u00e9 et les finitions sont r\u00e9alis\u00e9es dans notre atelier situ\u00e9 dans le Maine-et-Loire, en France. <\/p>\n","protected":false},"excerpt":{"rendered":"<p>Sac en tissu.<br \/>Port\u00e9 main et \u00e9paule.<br \/>FABRIQUE EN FRANCE.<\/p>\n","protected":false},"featured_media":52216,"comment_status":"closed","ping_status":"closed","template":"","meta":{"_et_pb_use_builder":"","_et_pb_old_content":"","_et_gb_content_width":"","_monsterinsights_skip_tracking":false,"_monsterinsights_sitenote_active":false,"_monsterinsights_sitenote_note":"","_monsterinsights_sitenote_category":0},"product_brand":[],"product_cat":[2021],"product_tag":[],"woo-feed-brand":[],"class_list":{"0":"post-52221","1":"product","2":"type-product","3":"status-publish","4":"has-post-thumbnail","6":"product_cat-sacs-hiver-2025","8":"first","9":"outofstock","10":"taxable","11":"shipping-taxable","12":"purchasable","13":"product-type-variable","14":"has-default-attributes"},"_links":{"self":[{"href":"https:\/\/www.muun-collection.com\/fr\/wp-json\/wp\/v2\/product\/52221","targetHints":{"allow":["GET"]}}],"collection":[{"href":"https:\/\/www.muun-collection.com\/fr\/wp-json\/wp\/v2\/product"}],"about":[{"href":"https:\/\/www.muun-collection.com\/fr\/wp-json\/wp\/v2\/types\/product"}],"replies":[{"embeddable":true,"href":"https:\/\/www.muun-collection.com\/fr\/wp-json\/wp\/v2\/comments?post=52221"}],"wp:featuredmedia":[{"embeddable":true,"href":"https:\/\/www.muun-collection.com\/fr\/wp-json\/wp\/v2\/media\/52216"}],"wp:attachment":[{"href":"https:\/\/www.muun-collection.com\/fr\/wp-json\/wp\/v2\/media?parent=52221"}],"wp:term":[{"taxonomy":"product_brand","embeddable":true,"href":"https:\/\/www.muun-collection.com\/fr\/wp-json\/wp\/v2\/product_brand?post=52221"},{"taxonomy":"product_cat","embeddable":true,"href":"https:\/\/www.muun-collection.com\/fr\/wp-json\/wp\/v2\/product_cat?post=52221"},{"taxonomy":"product_tag","embeddable":true,"href":"https:\/\/www.muun-collection.com\/fr\/wp-json\/wp\/v2\/product_tag?post=52221"},{"taxonomy":"woo-feed-brand","embeddable":true,"href":"https:\/\/www.muun-collection.com\/fr\/wp-json\/wp\/v2\/woo-feed-brand?post=52221"}],"curies":[{"name":"wp","href":"https:\/\/api.w.org\/{rel}","templated":true}]}}