{"id":52359,"date":"2025-10-31T15:30:34","date_gmt":"2025-10-31T14:30:34","guid":{"rendered":"https:\/\/www.muun-collection.com\/?post_type=product&#038;p=52359"},"modified":"2025-11-26T11:58:55","modified_gmt":"2025-11-26T10:58:55","slug":"mini-marianne","status":"publish","type":"product","link":"https:\/\/www.muun-collection.com\/fr\/shop\/sacs-hiver-2025\/mini-marianne\/","title":{"rendered":"MINI MARIANNE"},"content":{"rendered":"<p>. La r\u00e9alisation de nos cr\u00e9ations en cuir sont confi\u00e9es \u00e0 un atelier de maroquinerie lab\u00e9lis\u00e9 \u00ab EPV \u00bb.<br \/>\n. Le cuir est issu du tannage v\u00e9g\u00e9tal qui conf\u00e8re \u00e0 cette mati\u00e8re un grain unique et une douce patine avec le temps.<br \/>\n. Les poign\u00e9es en macram\u00e9 et les finitions sont r\u00e9alis\u00e9es dans notre atelier situ\u00e9 dans le Maine-et-Loire, en France.<\/p>\n","protected":false},"excerpt":{"rendered":"<p>Sac en cuir.<br \/>\nPort\u00e9 main et \u00e9paule.<br \/>\nFABRIQUE EN FRANCE<\/p>\n","protected":false},"featured_media":52351,"comment_status":"closed","ping_status":"closed","template":"","meta":{"_et_pb_use_builder":"","_et_pb_old_content":"","_et_gb_content_width":"","_monsterinsights_skip_tracking":false,"_monsterinsights_sitenote_active":false,"_monsterinsights_sitenote_note":"","_monsterinsights_sitenote_category":0},"product_brand":[],"product_cat":[2021],"product_tag":[],"woo-feed-brand":[],"class_list":{"0":"post-52359","1":"product","2":"type-product","3":"status-publish","4":"has-post-thumbnail","6":"product_cat-sacs-hiver-2025","8":"first","9":"instock","10":"taxable","11":"shipping-taxable","12":"purchasable","13":"product-type-variable","14":"has-default-attributes"},"_links":{"self":[{"href":"https:\/\/www.muun-collection.com\/fr\/wp-json\/wp\/v2\/product\/52359","targetHints":{"allow":["GET"]}}],"collection":[{"href":"https:\/\/www.muun-collection.com\/fr\/wp-json\/wp\/v2\/product"}],"about":[{"href":"https:\/\/www.muun-collection.com\/fr\/wp-json\/wp\/v2\/types\/product"}],"replies":[{"embeddable":true,"href":"https:\/\/www.muun-collection.com\/fr\/wp-json\/wp\/v2\/comments?post=52359"}],"wp:featuredmedia":[{"embeddable":true,"href":"https:\/\/www.muun-collection.com\/fr\/wp-json\/wp\/v2\/media\/52351"}],"wp:attachment":[{"href":"https:\/\/www.muun-collection.com\/fr\/wp-json\/wp\/v2\/media?parent=52359"}],"wp:term":[{"taxonomy":"product_brand","embeddable":true,"href":"https:\/\/www.muun-collection.com\/fr\/wp-json\/wp\/v2\/product_brand?post=52359"},{"taxonomy":"product_cat","embeddable":true,"href":"https:\/\/www.muun-collection.com\/fr\/wp-json\/wp\/v2\/product_cat?post=52359"},{"taxonomy":"product_tag","embeddable":true,"href":"https:\/\/www.muun-collection.com\/fr\/wp-json\/wp\/v2\/product_tag?post=52359"},{"taxonomy":"woo-feed-brand","embeddable":true,"href":"https:\/\/www.muun-collection.com\/fr\/wp-json\/wp\/v2\/woo-feed-brand?post=52359"}],"curies":[{"name":"wp","href":"https:\/\/api.w.org\/{rel}","templated":true}]}}