{"id":7083,"date":"2020-11-27T09:40:50","date_gmt":"2020-11-27T08:40:50","guid":{"rendered":"https:\/\/www.muun-collection.com\/?post_type=product&#038;p=7083"},"modified":"2025-11-26T19:07:05","modified_gmt":"2025-11-26T18:07:05","slug":"camille-m-stripe","status":"publish","type":"product","link":"https:\/\/www.muun-collection.com\/fr\/shop\/panier-osier\/camille-m-stripe\/","title":{"rendered":"CAMILLE M &#8211; STRIPE"},"content":{"rendered":"<p>. La base du panier est solidement tress\u00e9e en herbe \u00e0 \u00e9l\u00e9phant et n\u00e9cessite 2 \u00e0 3 jours de travail.<br \/>\n. Ce panier est fini et assembl\u00e9 dans notre atelier du Maine et Loire.<br \/>\nComme les paniers MUU\u00d1 sont tous faits main, chaque objet est unique. Les tressages, les couleurs, la dimension et la forme peuvent varier d&rsquo;une pi\u00e8ce \u00e0 l&rsquo;autre.<\/p>\n","protected":false},"excerpt":{"rendered":"<p>Panier en paille.<br \/>\nFABRIQUE A LA MAIN AU GHANA<\/p>\n","protected":false},"featured_media":6809,"comment_status":"closed","ping_status":"closed","template":"","meta":{"_et_pb_use_builder":"","_et_pb_old_content":"","_et_gb_content_width":"","_monsterinsights_skip_tracking":false,"_monsterinsights_sitenote_active":false,"_monsterinsights_sitenote_note":"","_monsterinsights_sitenote_category":0},"product_brand":[],"product_cat":[1957,1961,1973,1913,1985,1917,1989,1925,1993,1929,1933,1945,1949,1953,317],"product_tag":[225],"woo-feed-brand":[],"class_list":{"0":"post-7083","1":"product","2":"type-product","3":"status-publish","4":"has-post-thumbnail","6":"product_cat-panier-osier","7":"product_cat-boite-osier","8":"product_cat-paniere-osier","9":"product_cat-corbeille-en-paille","10":"product_cat-panier-raphia","11":"product_cat-corbeille-en-paille-fr","12":"product_cat-corbeille-raphia","13":"product_cat-tiroir-en-paille","14":"product_cat-boite-en-raphia","15":"product_cat-boite-en-paille","16":"product_cat-paniere-en-paille","17":"product_cat-sac-ethique","18":"product_cat-tiroir-en-osier","19":"product_cat-corbeille-osier","20":"product_cat-maison","21":"product_tag-deco","22":"product_shipping_class-grands-paniers","24":"first","25":"instock","26":"taxable","27":"shipping-taxable","28":"purchasable","29":"product-type-variable"},"_links":{"self":[{"href":"https:\/\/www.muun-collection.com\/fr\/wp-json\/wp\/v2\/product\/7083","targetHints":{"allow":["GET"]}}],"collection":[{"href":"https:\/\/www.muun-collection.com\/fr\/wp-json\/wp\/v2\/product"}],"about":[{"href":"https:\/\/www.muun-collection.com\/fr\/wp-json\/wp\/v2\/types\/product"}],"replies":[{"embeddable":true,"href":"https:\/\/www.muun-collection.com\/fr\/wp-json\/wp\/v2\/comments?post=7083"}],"wp:featuredmedia":[{"embeddable":true,"href":"https:\/\/www.muun-collection.com\/fr\/wp-json\/wp\/v2\/media\/6809"}],"wp:attachment":[{"href":"https:\/\/www.muun-collection.com\/fr\/wp-json\/wp\/v2\/media?parent=7083"}],"wp:term":[{"taxonomy":"product_brand","embeddable":true,"href":"https:\/\/www.muun-collection.com\/fr\/wp-json\/wp\/v2\/product_brand?post=7083"},{"taxonomy":"product_cat","embeddable":true,"href":"https:\/\/www.muun-collection.com\/fr\/wp-json\/wp\/v2\/product_cat?post=7083"},{"taxonomy":"product_tag","embeddable":true,"href":"https:\/\/www.muun-collection.com\/fr\/wp-json\/wp\/v2\/product_tag?post=7083"},{"taxonomy":"woo-feed-brand","embeddable":true,"href":"https:\/\/www.muun-collection.com\/fr\/wp-json\/wp\/v2\/woo-feed-brand?post=7083"}],"curies":[{"name":"wp","href":"https:\/\/api.w.org\/{rel}","templated":true}]}}