{"id":7487,"date":"2021-02-21T11:38:23","date_gmt":"2021-02-21T10:38:23","guid":{"rendered":"https:\/\/www.muun-collection.com\/?post_type=product&#038;p=7487"},"modified":"2025-12-06T10:48:32","modified_gmt":"2025-12-06T09:48:32","slug":"blaise-p-hdl-coton-black","status":"publish","type":"product","link":"https:\/\/www.muun-collection.com\/fr\/shop\/outlet-fr\/blaise-p-hdl-coton-black\/","title":{"rendered":"BLAISE S &#8211; BLACK HDL"},"content":{"rendered":"<p>. La base du sac est solidement tress\u00e9e en herbe \u00e0 \u00e9l\u00e9phant et n\u00e9cessite 2 \u00e0 3 jours de travail.<br \/>\n. Ce sac est fini et assembl\u00e9 dans notre atelier du Maine et Loire.<br \/>\n. Les pochons int\u00e9rieurs sont confectionn\u00e9s par des personnes en situation de handicap travaillant \u00e0 l\u2019ISTA.<br \/>\nComme les sacs MUU\u00d1 sont tous faits main, chaque objet est unique. Les tressages, les couleurs, la dimension et la forme peuvent varier d&rsquo;un pi\u00e8ce \u00e0 l&rsquo;autre.<\/p>\n","protected":false},"excerpt":{"rendered":"<p>Sac en paille avec pochon amovible.<br \/>\nPort\u00e9 main et \u00e9paule.<br \/>\nFABRIQUE A LA MAIN AU GHANA<\/p>\n","protected":false},"featured_media":44976,"comment_status":"closed","ping_status":"closed","template":"","meta":{"_et_pb_use_builder":"","_et_pb_old_content":"","_et_gb_content_width":"","_monsterinsights_skip_tracking":false,"_monsterinsights_sitenote_active":false,"_monsterinsights_sitenote_note":"","_monsterinsights_sitenote_category":0},"product_brand":[],"product_cat":[361],"product_tag":[205],"woo-feed-brand":[],"class_list":{"0":"post-7487","1":"product","2":"type-product","3":"status-publish","4":"has-post-thumbnail","6":"product_cat-outlet-fr","7":"product_tag-ss19-fr","9":"first","10":"outofstock","11":"sale","12":"taxable","13":"shipping-taxable","14":"purchasable","15":"product-type-variable"},"_links":{"self":[{"href":"https:\/\/www.muun-collection.com\/fr\/wp-json\/wp\/v2\/product\/7487","targetHints":{"allow":["GET"]}}],"collection":[{"href":"https:\/\/www.muun-collection.com\/fr\/wp-json\/wp\/v2\/product"}],"about":[{"href":"https:\/\/www.muun-collection.com\/fr\/wp-json\/wp\/v2\/types\/product"}],"replies":[{"embeddable":true,"href":"https:\/\/www.muun-collection.com\/fr\/wp-json\/wp\/v2\/comments?post=7487"}],"wp:featuredmedia":[{"embeddable":true,"href":"https:\/\/www.muun-collection.com\/fr\/wp-json\/wp\/v2\/media\/44976"}],"wp:attachment":[{"href":"https:\/\/www.muun-collection.com\/fr\/wp-json\/wp\/v2\/media?parent=7487"}],"wp:term":[{"taxonomy":"product_brand","embeddable":true,"href":"https:\/\/www.muun-collection.com\/fr\/wp-json\/wp\/v2\/product_brand?post=7487"},{"taxonomy":"product_cat","embeddable":true,"href":"https:\/\/www.muun-collection.com\/fr\/wp-json\/wp\/v2\/product_cat?post=7487"},{"taxonomy":"product_tag","embeddable":true,"href":"https:\/\/www.muun-collection.com\/fr\/wp-json\/wp\/v2\/product_tag?post=7487"},{"taxonomy":"woo-feed-brand","embeddable":true,"href":"https:\/\/www.muun-collection.com\/fr\/wp-json\/wp\/v2\/woo-feed-brand?post=7487"}],"curies":[{"name":"wp","href":"https:\/\/api.w.org\/{rel}","templated":true}]}}